{"id":1102,"date":"2023-02-21T12:46:08","date_gmt":"2023-02-21T12:46:08","guid":{"rendered":"http:\/\/www.gaztanaga.eus\/sarrera\/"},"modified":"2023-07-18T11:08:05","modified_gmt":"2023-07-18T11:08:05","slug":"sarrera","status":"publish","type":"page","link":"https:\/\/www.gaztanaga.eus\/eu\/","title":{"rendered":"Sarrera"},"content":{"rendered":"\n<div class=\"wp-block-cover alignfull is-light has-parallax wp-duotone-unset-1\" style=\"min-height:650px;aspect-ratio:unset;\"><span aria-hidden=\"true\" class=\"wp-block-cover__background has-contrast-background-color has-background-dim\"><\/span><div role=\"img\" class=\"wp-block-cover__image-background wp-image-142 has-parallax\" style=\"background-position:50% 50%;background-image:url(http:\/\/www.gazta\u00f1aga.eus\/wp-content\/uploads\/2023\/03\/gaztanaga-sagardotegia.jpg)\"><\/div><div class=\"wp-block-cover__inner-container is-layout-flow wp-block-cover-is-layout-flow\">\n<h2 class=\"wp-block-heading has-text-align-center has-ast-global-color-4-color has-text-color has-background\" style=\"background-color:#00000061;text-transform:none\">GAZTA\u00d1AGA SAGARDOTEGIA<br\/>Sagardotegi familiarra Andoainen<strong> <\/strong><\/h2>\n\n\n\n<div class=\"wp-block-buttons is-content-justification-center is-layout-flex wp-container-core-buttons-is-layout-a89b3969 wp-block-buttons-is-layout-flex\">\n<div class=\"wp-block-button\"><a class=\"wp-block-button__link wp-element-button\" href=\"http:\/\/www.gazta&#xF1;aga.eus\/tienda\/\">SAGARDOA EROSI<\/a><\/div>\n\n\n\n<div class=\"wp-block-button\"><a class=\"wp-block-button__link wp-element-button\" href=\"http:\/\/www.gazta&#xF1;aga.eus\/reservas\/\">MAHAIA ERRESERBATU<\/a><\/div>\n\n\n\n<div class=\"wp-block-button\"><a class=\"wp-block-button__link wp-element-button\" href=\"http:\/\/www.gazta&#xF1;aga.eus\/experiencias\/\">BISITAK ERRESERBATU<\/a><\/div>\n<\/div>\n<\/div><\/div>\n\n<div class=\"wp-block-cover alignfull is-light has-parallax wp-duotone-unset-2\" style=\"padding-top:0;padding-right:0;padding-bottom:0;padding-left:0;min-height:650px;aspect-ratio:unset;\"><span aria-hidden=\"true\" class=\"wp-block-cover__background has-contrast-background-color has-background-dim\"><\/span><div role=\"img\" class=\"wp-block-cover__image-background wp-image-144 has-parallax\" style=\"background-position:50% 50%;background-image:url(http:\/\/www.gazta\u00f1aga.eus\/wp-content\/uploads\/2023\/03\/gaztanaga-sidreria-reservas-home.jpg)\"><\/div><div class=\"wp-block-cover__inner-container is-layout-flow wp-block-cover-is-layout-flow\">\n<h2 class=\"wp-block-heading has-text-align-center has-ast-global-color-6-color has-text-color has-background\" style=\"background-color:#00000061;text-transform:none\">ERRESERBAK<br\/>Deitu eta erreserbatu zure mahaia <br\/>+34 943 591968<\/h2>\n<\/div><\/div>\n\n<div class=\"wp-block-cover alignfull is-light has-parallax wp-duotone-unset-3\" style=\"padding-top:0;padding-right:0;padding-bottom:0;padding-left:0;min-height:650px;aspect-ratio:unset;\"><span aria-hidden=\"true\" class=\"wp-block-cover__background has-contrast-background-color has-background-dim\"><\/span><div role=\"img\" class=\"wp-block-cover__image-background wp-image-145 has-parallax\" style=\"background-position:50% 50%;background-image:url(http:\/\/www.gazta\u00f1aga.eus\/wp-content\/uploads\/2023\/03\/gaztanaga-sidreria-tienda-online.jpg)\"><\/div><div class=\"wp-block-cover__inner-container is-layout-flow wp-block-cover-is-layout-flow\">\n<h2 class=\"wp-block-heading has-text-align-center has-ast-global-color-4-color has-text-color has-background\" style=\"background-color:#00000061;text-transform:none\">DENDA<br\/>Gazta\u00f1aga sagardoak, egin zure erosketa online eta etxean jasoko duzu<\/h2>\n\n\n\n<div class=\"wp-block-buttons is-content-justification-center is-layout-flex wp-container-core-buttons-is-layout-a89b3969 wp-block-buttons-is-layout-flex\">\n<div class=\"wp-block-button\"><a class=\"wp-block-button__link wp-element-button\" href=\"http:\/\/www.gazta&#xF1;aga.eus\/tienda\/\">SAGARDOA EROSI<\/a><\/div>\n<\/div>\n<\/div><\/div>\n\n<div class=\"wp-block-cover alignfull is-light has-parallax wp-duotone-unset-4\" style=\"padding-top:0;padding-right:0;padding-bottom:0;padding-left:0;min-height:650px;aspect-ratio:unset;\"><span aria-hidden=\"true\" class=\"wp-block-cover__background has-contrast-background-color has-background-dim\"><\/span><div role=\"img\" class=\"wp-block-cover__image-background wp-image-143 has-parallax\" style=\"background-position:50% 50%;background-image:url(http:\/\/www.gazta\u00f1aga.eus\/wp-content\/uploads\/2023\/03\/gaztanaga-sidreria-experiencias.jpg)\"><\/div><div class=\"wp-block-cover__inner-container is-layout-flow wp-block-cover-is-layout-flow\">\n<h2 class=\"wp-block-heading has-text-align-center has-ast-global-color-4-color has-text-color has-background\" style=\"background-color:#00000061;text-transform:none\">ESPERIENTZIAK<br\/>Ezagutu gure familia eta euskal sagardoaren kultura gure bisita gidatuen bidez<\/h2>\n\n\n\n<div class=\"wp-block-buttons is-content-justification-center is-layout-flex wp-container-core-buttons-is-layout-a89b3969 wp-block-buttons-is-layout-flex\">\n<div class=\"wp-block-button\"><a class=\"wp-block-button__link wp-element-button\" href=\"http:\/\/www.gazta&#xF1;aga.eus\/experiencias\/\">BISITAK ERRESERBATU<\/a><\/div>\n<\/div>\n<\/div><\/div>\n","protected":false},"excerpt":{"rendered":"","protected":false},"author":2,"featured_media":0,"parent":0,"menu_order":0,"comment_status":"closed","ping_status":"closed","template":"","meta":{"site-sidebar-layout":"no-sidebar","site-content-layout":"default","ast-site-content-layout":"default","site-content-style":"default","site-sidebar-style":"default","ast-global-header-display":"","ast-banner-title-visibility":"","ast-main-header-display":"","ast-hfb-above-header-display":"","ast-hfb-below-header-display":"","ast-hfb-mobile-header-display":"","site-post-title":"","ast-breadcrumbs-content":"","ast-featured-img":"","footer-sml-layout":"","ast-disable-related-posts":"","theme-transparent-header-meta":"","adv-header-id-meta":"","stick-header-meta":"","header-above-stick-meta":"","header-main-stick-meta":"","header-below-stick-meta":"","astra-migrate-meta-layouts":"default","ast-page-background-enabled":"default","ast-page-background-meta":{"desktop":{"background-color":"var(--ast-global-color-4)","background-image":"","background-repeat":"repeat","background-position":"center center","background-size":"auto","background-attachment":"scroll","background-type":"","background-media":"","overlay-type":"","overlay-color":"","overlay-opacity":"","overlay-gradient":""},"tablet":{"background-color":"","background-image":"","background-repeat":"repeat","background-position":"center center","background-size":"auto","background-attachment":"scroll","background-type":"","background-media":"","overlay-type":"","overlay-color":"","overlay-opacity":"","overlay-gradient":""},"mobile":{"background-color":"","background-image":"","background-repeat":"repeat","background-position":"center center","background-size":"auto","background-attachment":"scroll","background-type":"","background-media":"","overlay-type":"","overlay-color":"","overlay-opacity":"","overlay-gradient":""}},"ast-content-background-meta":{"desktop":{"background-color":"var(--ast-global-color-5)","background-image":"","background-repeat":"repeat","background-position":"center center","background-size":"auto","background-attachment":"scroll","background-type":"","background-media":"","overlay-type":"","overlay-color":"","overlay-opacity":"","overlay-gradient":""},"tablet":{"background-color":"var(--ast-global-color-5)","background-image":"","background-repeat":"repeat","background-position":"center center","background-size":"auto","background-attachment":"scroll","background-type":"","background-media":"","overlay-type":"","overlay-color":"","overlay-opacity":"","overlay-gradient":""},"mobile":{"background-color":"var(--ast-global-color-5)","background-image":"","background-repeat":"repeat","background-position":"center center","background-size":"auto","background-attachment":"scroll","background-type":"","background-media":"","overlay-type":"","overlay-color":"","overlay-opacity":"","overlay-gradient":""}},"footnotes":""},"class_list":["post-1102","page","type-page","status-publish","hentry"],"yoast_head":"<!-- This site is optimized with the Yoast SEO plugin v27.5 - https:\/\/yoast.com\/product\/yoast-seo-wordpress\/ -->\n<title>Sarrera - Sidrer\u00eda Gazta\u00f1aga<\/title>\n<meta name=\"description\" content=\"Gazta\u00f1aga sagardotegi-jatetxearen webgunea.\" \/>\n<meta name=\"robots\" content=\"index, follow, max-snippet:-1, max-image-preview:large, max-video-preview:-1\" \/>\n<link rel=\"canonical\" href=\"https:\/\/www.gaztanaga.eus\/eu\/\" \/>\n<meta property=\"og:locale\" content=\"eu_ES\" \/>\n<meta property=\"og:type\" content=\"article\" \/>\n<meta property=\"og:title\" content=\"Sarrera - Sidrer\u00eda Gazta\u00f1aga\" \/>\n<meta property=\"og:description\" content=\"Gazta\u00f1aga sagardotegi-jatetxearen webgunea.\" \/>\n<meta property=\"og:url\" content=\"https:\/\/www.gaztanaga.eus\/eu\/\" \/>\n<meta property=\"og:site_name\" content=\"Sidrer\u00eda Gazta\u00f1aga\" \/>\n<meta property=\"article:publisher\" content=\"https:\/\/www.facebook.com\/sidreriagaztanaga\/\" \/>\n<meta property=\"article:modified_time\" content=\"2023-07-18T11:08:05+00:00\" \/>\n<meta name=\"twitter:card\" content=\"summary_large_image\" \/>\n<script type=\"application\/ld+json\" class=\"yoast-schema-graph\">{\"@context\":\"https:\\\/\\\/schema.org\",\"@graph\":[{\"@type\":\"WebPage\",\"@id\":\"https:\\\/\\\/www.gaztanaga.eus\\\/eu\\\/\",\"url\":\"https:\\\/\\\/www.gaztanaga.eus\\\/eu\\\/\",\"name\":\"Sarrera - Sidrer\u00eda Gazta\u00f1aga\",\"isPartOf\":{\"@id\":\"https:\\\/\\\/www.gaztanaga.eus\\\/#website\"},\"datePublished\":\"2023-02-21T12:46:08+00:00\",\"dateModified\":\"2023-07-18T11:08:05+00:00\",\"description\":\"Gazta\u00f1aga sagardotegi-jatetxearen webgunea.\",\"breadcrumb\":{\"@id\":\"https:\\\/\\\/www.gaztanaga.eus\\\/eu\\\/#breadcrumb\"},\"inLanguage\":\"eu-ES\",\"potentialAction\":[{\"@type\":\"ReadAction\",\"target\":[\"https:\\\/\\\/www.gaztanaga.eus\\\/eu\\\/\"]}]},{\"@type\":\"BreadcrumbList\",\"@id\":\"https:\\\/\\\/www.gaztanaga.eus\\\/eu\\\/#breadcrumb\",\"itemListElement\":[{\"@type\":\"ListItem\",\"position\":1,\"name\":\"Portada\",\"item\":\"https:\\\/\\\/www.gaztanaga.eus\\\/eu\\\/\"},{\"@type\":\"ListItem\",\"position\":2,\"name\":\"Sarrera\"}]},{\"@type\":\"WebSite\",\"@id\":\"https:\\\/\\\/www.gaztanaga.eus\\\/#website\",\"url\":\"https:\\\/\\\/www.gaztanaga.eus\\\/\",\"name\":\"Sidrer\u00eda Gazta\u00f1aga\",\"description\":\"P\u00e1gina web de la sidrer\u00eda Gazta\u00f1aga de Andoain.\",\"publisher\":{\"@id\":\"https:\\\/\\\/www.gaztanaga.eus\\\/#organization\"},\"potentialAction\":[{\"@type\":\"SearchAction\",\"target\":{\"@type\":\"EntryPoint\",\"urlTemplate\":\"https:\\\/\\\/www.gaztanaga.eus\\\/?s={search_term_string}\"},\"query-input\":{\"@type\":\"PropertyValueSpecification\",\"valueRequired\":true,\"valueName\":\"search_term_string\"}}],\"inLanguage\":\"eu-ES\"},{\"@type\":\"Organization\",\"@id\":\"https:\\\/\\\/www.gaztanaga.eus\\\/#organization\",\"name\":\"Sidrer\u00eda Gazta\u00f1aga\",\"url\":\"https:\\\/\\\/www.gaztanaga.eus\\\/\",\"logo\":{\"@type\":\"ImageObject\",\"inLanguage\":\"eu-ES\",\"@id\":\"https:\\\/\\\/www.gaztanaga.eus\\\/#\\\/schema\\\/logo\\\/image\\\/\",\"url\":\"https:\\\/\\\/www.gaztanaga.eus\\\/wp-content\\\/uploads\\\/2023\\\/02\\\/cropped-cropped-cropped-gaztanaga-logo-1.png\",\"contentUrl\":\"https:\\\/\\\/www.gaztanaga.eus\\\/wp-content\\\/uploads\\\/2023\\\/02\\\/cropped-cropped-cropped-gaztanaga-logo-1.png\",\"width\":500,\"height\":282,\"caption\":\"Sidrer\u00eda Gazta\u00f1aga\"},\"image\":{\"@id\":\"https:\\\/\\\/www.gaztanaga.eus\\\/#\\\/schema\\\/logo\\\/image\\\/\"},\"sameAs\":[\"https:\\\/\\\/www.facebook.com\\\/sidreriagaztanaga\\\/\",\"https:\\\/\\\/www.youtube.com\\\/channel\\\/UCnqI02qLcAEC5afmElR9VUw\"]}]}<\/script>\n<!-- \/ Yoast SEO plugin. -->","yoast_head_json":{"title":"Sarrera - Sidrer\u00eda Gazta\u00f1aga","description":"Gazta\u00f1aga sagardotegi-jatetxearen webgunea.","robots":{"index":"index","follow":"follow","max-snippet":"max-snippet:-1","max-image-preview":"max-image-preview:large","max-video-preview":"max-video-preview:-1"},"canonical":"https:\/\/www.gaztanaga.eus\/eu\/","og_locale":"eu_ES","og_type":"article","og_title":"Sarrera - Sidrer\u00eda Gazta\u00f1aga","og_description":"Gazta\u00f1aga sagardotegi-jatetxearen webgunea.","og_url":"https:\/\/www.gaztanaga.eus\/eu\/","og_site_name":"Sidrer\u00eda Gazta\u00f1aga","article_publisher":"https:\/\/www.facebook.com\/sidreriagaztanaga\/","article_modified_time":"2023-07-18T11:08:05+00:00","twitter_card":"summary_large_image","schema":{"@context":"https:\/\/schema.org","@graph":[{"@type":"WebPage","@id":"https:\/\/www.gaztanaga.eus\/eu\/","url":"https:\/\/www.gaztanaga.eus\/eu\/","name":"Sarrera - Sidrer\u00eda Gazta\u00f1aga","isPartOf":{"@id":"https:\/\/www.gaztanaga.eus\/#website"},"datePublished":"2023-02-21T12:46:08+00:00","dateModified":"2023-07-18T11:08:05+00:00","description":"Gazta\u00f1aga sagardotegi-jatetxearen webgunea.","breadcrumb":{"@id":"https:\/\/www.gaztanaga.eus\/eu\/#breadcrumb"},"inLanguage":"eu-ES","potentialAction":[{"@type":"ReadAction","target":["https:\/\/www.gaztanaga.eus\/eu\/"]}]},{"@type":"BreadcrumbList","@id":"https:\/\/www.gaztanaga.eus\/eu\/#breadcrumb","itemListElement":[{"@type":"ListItem","position":1,"name":"Portada","item":"https:\/\/www.gaztanaga.eus\/eu\/"},{"@type":"ListItem","position":2,"name":"Sarrera"}]},{"@type":"WebSite","@id":"https:\/\/www.gaztanaga.eus\/#website","url":"https:\/\/www.gaztanaga.eus\/","name":"Sidrer\u00eda Gazta\u00f1aga","description":"P\u00e1gina web de la sidrer\u00eda Gazta\u00f1aga de Andoain.","publisher":{"@id":"https:\/\/www.gaztanaga.eus\/#organization"},"potentialAction":[{"@type":"SearchAction","target":{"@type":"EntryPoint","urlTemplate":"https:\/\/www.gaztanaga.eus\/?s={search_term_string}"},"query-input":{"@type":"PropertyValueSpecification","valueRequired":true,"valueName":"search_term_string"}}],"inLanguage":"eu-ES"},{"@type":"Organization","@id":"https:\/\/www.gaztanaga.eus\/#organization","name":"Sidrer\u00eda Gazta\u00f1aga","url":"https:\/\/www.gaztanaga.eus\/","logo":{"@type":"ImageObject","inLanguage":"eu-ES","@id":"https:\/\/www.gaztanaga.eus\/#\/schema\/logo\/image\/","url":"https:\/\/www.gaztanaga.eus\/wp-content\/uploads\/2023\/02\/cropped-cropped-cropped-gaztanaga-logo-1.png","contentUrl":"https:\/\/www.gaztanaga.eus\/wp-content\/uploads\/2023\/02\/cropped-cropped-cropped-gaztanaga-logo-1.png","width":500,"height":282,"caption":"Sidrer\u00eda Gazta\u00f1aga"},"image":{"@id":"https:\/\/www.gaztanaga.eus\/#\/schema\/logo\/image\/"},"sameAs":["https:\/\/www.facebook.com\/sidreriagaztanaga\/","https:\/\/www.youtube.com\/channel\/UCnqI02qLcAEC5afmElR9VUw"]}]}},"_links":{"self":[{"href":"https:\/\/www.gaztanaga.eus\/eu\/wp-json\/wp\/v2\/pages\/1102","targetHints":{"allow":["GET"]}}],"collection":[{"href":"https:\/\/www.gaztanaga.eus\/eu\/wp-json\/wp\/v2\/pages"}],"about":[{"href":"https:\/\/www.gaztanaga.eus\/eu\/wp-json\/wp\/v2\/types\/page"}],"author":[{"embeddable":true,"href":"https:\/\/www.gaztanaga.eus\/eu\/wp-json\/wp\/v2\/users\/2"}],"replies":[{"embeddable":true,"href":"https:\/\/www.gaztanaga.eus\/eu\/wp-json\/wp\/v2\/comments?post=1102"}],"version-history":[{"count":8,"href":"https:\/\/www.gaztanaga.eus\/eu\/wp-json\/wp\/v2\/pages\/1102\/revisions"}],"predecessor-version":[{"id":1313,"href":"https:\/\/www.gaztanaga.eus\/eu\/wp-json\/wp\/v2\/pages\/1102\/revisions\/1313"}],"wp:attachment":[{"href":"https:\/\/www.gaztanaga.eus\/eu\/wp-json\/wp\/v2\/media?parent=1102"}],"curies":[{"name":"wp","href":"https:\/\/api.w.org\/{rel}","templated":true}]}}