{"id":1249,"date":"2023-03-27T08:25:13","date_gmt":"2023-03-27T08:25:13","guid":{"rendered":"http:\/\/www.gaztanaga.eus\/lege-oharra\/"},"modified":"2023-07-18T10:53:09","modified_gmt":"2023-07-18T10:53:09","slug":"lege-oharra","status":"publish","type":"page","link":"https:\/\/www.gaztanaga.eus\/eu\/lege-oharra\/","title":{"rendered":"Lege-oharra"},"content":{"rendered":"\n<h1 class=\"wp-block-heading\" style=\"text-transform:none\">Lege-oharra<\/h1>\n\n<p>WEB honen titularra GAZTA\u00d1AGA SAGARDOTEGIA S.L. da; (Gazta\u00f1aga Sagardotegia); Helbidea: Buruntza auzoa 0, Andoain (Gipuzkoa); IFZ: B20575650.<\/p>\n\n<p><strong>Webgunera sartzeko baldintzak<\/strong><\/p>\n\n<p>Erabiltzaileak, gune honetara sartze hutsagatik, sarbide horren forma edozein dela ere, baldintza hauek onartzen ditu eta horietara sartzen da. Baldintza horiek ezarriko dute webgune honen erabilera-araubidea. Titularrak edozein unetan aldatu eta aldatzeko eskubidea izango du, eta azken eguneratzean webgunean argitaratutakoak izango dira bisita bakoitzean indarrean eta aplikatzekoak direnak. Erabiltzaileak baldintza hauek guztiak onartzen ez baditu, ez du baimenik izango webgune honetara eta bertan dauden eduki eta\/edo zerbitzuetara sartzeko, eta berehala utzi beharko du gunea. Baldintza hauek webgunearen titularrak bidal ditzakeen komunikazio eta buletinei ere aplika dakizkieke, eta, beraz, erabiltzaileak baldintza hauek onartu beharko ditu sartzeko eta\/edo erabiltzeko.<\/p>\n\n<p><strong>Xedea<\/strong><\/p>\n\n<p>Hau da Gazta\u00f1aga Sagardotegiaren webgunea eta bere jarduerarekin lotutako hainbat eduki eta zerbitzu eskaintzen ditu.<\/p>\n\n<p><strong>Webgunearen eta edukien erabilera baimendua<\/strong><\/p>\n\n<p>ERABILTZAILEA webgune honetara eta bertan dauden eduki eta zerbitzuetara soilik sartu ahal izango da adin nagusikoa bada eta horretarako gaitasun juridiko nahikoa badu: adingabea bada, bere legezko ordezkariaren aldez aurreko baimena izan beharko du edo, hura ez badago, orri hau berehala utzi beharko du. ERABILTZAILEAK webguneko edukietara sartzeko baimena izango du, baldin eta edukietan zuzenbidearen araberako erabilera egiten badu, baldintza hauen arabera, batez ere indarrean dagoen legeriak ematen dituen jabetza intelektual eta industrialeko eskubideekin, artikulu honetako dagokion atalean zehaztuta agertzen direnekin. Espresuki debekatuta dago eduki horiek iruzurrez erabiltzea, legez kontrako helburuetarako, edo komertzialki erabiltzea, titularrak berariaz eta idatziz baimenik eman gabe. Gazta\u00f1aga Sagardotegiak (GAZTA\u00d1AGA SAGARDOTEGIA S.L.) beretzat gordetzen du edozein unetan eta aldez aurretik ohartarazi gabe baldintza hauek urratzen dituzten erabiltzaileei webgunera edo bertan eskaintzen diren edukietara sartzea galarazteko ahalmena.<\/p>\n\n<p><strong>Erantzukizunetik salbuestea<\/strong><\/p>\n\n<p>Gazta\u00f1aga sagardotegiak (SIDRER\u00cdA GAZTA\u00d1AGA S.L.) ez du inola ere bermatzen eskaintzen dituen eduki eta zerbitzuen edukia, osotasuna, legezkotasuna, fidagarritasuna, gaurkotasuna, egiazkotasuna, zehaztasuna, funtzionamendua edo erabilgarritasuna zehatza izatea, eta uko egiten dio horien gaineko edozein erantzukizunari, ez eta erabilera desegokiak eragin ditzakeen kalteei ere. Ondorioz, eskaintzen diren edukiak informatzeko baino ez dira, eta ez dute ezer adierazten. Aurretik esandakoa titularrarenak ez diren edo webgune honetan ostatatuta ez dauden estekei, edukiei eta iritziei ere aplika dakieke, eta horien egileei eta kasuan kasuko webguneen titularrei dagokie erantzukizuna.<\/p>\n\n<p><strong>Jabetza intelektuala eta industriala<\/strong><\/p>\n\n<p>Gazta\u00f1aga sagardotegiak (GAZTA\u00d1AGA SAGARDOTEGIA S.L.) beretzat gordetzen ditu webgune honetatik eratorritako jabetza intelektual eta industrialeko eskubide guztiak, eta Agentziaren berariazko eta idatzizko baimena behar da edozein ariketa egiteko eta erabiltzeko. Eskubide-erreserba honek web honetan edozein formatutan sar eta bana daitezkeen edukiei nahiz webgunearen kode, diseinu eta nabigazio-egiturari berari heltzen die.<\/p>\n\n<p><strong>Pribatutasun-politika<\/strong><\/p>\n\n<p>Pribatutasun Politikan sartzeko, sakatu <a href=\"http:\/\/www.gazta%C3%B1aga.eus\/politica-privacidad\/\"><strong>esteka<\/strong><\/a> hau.<\/p>\n\n<p><strong>Aldaketak<\/strong><\/p>\n\n<p>Gazta\u00f1aga Sagardotegiak beretzat gordetzen du webgune honetan egokitzat jotzen dituen aldaketak aldez aurretik jakinarazi gabe egiteko eskubidea. Webgunearen bidez eskaintzen diren eduki eta zerbitzuak aldatu, ezabatu edo gehitu ahal izango ditu, bai eta webgunean aurkezten edo aurkitzen diren moduan eta horietan sartzeko moduan ere.<\/p>\n\n<p><strong>Baliozkotasuna<\/strong><\/p>\n\n<p>Abisu honen klausularen bat edo haren zati bat baliogabetzat jotzen bada, inguruabar horrek ez du eraginik izango gainerakoen baliozkotasunean.<\/p>\n\n<p><strong>Jurisdikzioa<\/strong><\/p>\n\n<p>Webgune hau Espainian bakarrik aplika daitekeen araudiak arautzen du, eta webgune hau erabiltzen duten nazioko zein atzerriko araudiek arautzen dute. Biek uko egiten diote beren foruari, eta Donostiako auzitegien mende jartzen dira.<\/p>\n\n<p><strong>SALMENTA-BALDINTZAK<\/strong><\/p>\n\n<p><strong>Nork saltzen du<\/strong><strong>?<\/strong><\/p>\n\n<p>GAZTA\u00d1AGA SAGARDOTEGIA S.L. Helbidea: Idurain baserria, Buruntza auzoa 0, Andoain (Gipuzkoa). IFK: B20575650.<\/p>\n\n<p>GAZTA\u00d1AGA SAGARDOTEGIA S.L.ren arteko harreman komertziala (Gazta\u00f1aga sagardotegia) eta bezeroa hemen adierazitako baldintza orokorren arabera arautuko da, jatorrizko bertsioan eta eskaera egiten den unean.<\/p>\n\n<p>SIDRER\u00cdA GAZTA\u00d1AGA S.L.ren bezeroarentzako arreta-zerbitzua (Gazta\u00f1aga sagardotegia): info@sidreriagaztanaga.com.<\/p>\n\n<p>Aurrerantzean, GAZTA\u00d1AGA SAGARDOTEGIA S.L. izendatuko dute Gazta\u00f1aga sagardotegi.<\/p>\n\n<p><strong>Nork eros dezake?<\/strong><\/p>\n\n<p>Webgune honen bidezko erosketa adin nagusiko pertsona fisikoentzat da.<\/p>\n\n<p>Gazta\u00f1aga sagardotegiak beretzat gordetzen du aipatutako azken kontsumitzailearen kalifikazioarekin bat ez datozen erabiltzaileek egindako eskaerei ez erantzuteko eskubidea.<br\/> <\/p>\n\n<p><strong>Salgai dauden produktuak<\/strong><\/p>\n\n<p>www.gazta\u00f1aga.eus webgunean salgai daude Euskal Sagardoaren sektoreko produktuak eta eratorriak, sagardo naturala ekoizten dutenak, dagokien REarekin.<\/p>\n\n<p>Gazta\u00f1aga sagardotegiaren eskaintza 3 aukeratan banatzen da: sagardo denda online botilen salmentarekin, sagardotegirako mahai erreserbak eta txango gidatuak.<\/p>\n\n<p>Produktu bakoitzak bere ezaugarri nagusien deskribapen zehatza izango du. Sidreria Gazta\u00f1agak bere produktuen erreprodukzioan ahalik eta kontu handiena jartzen badu ere, salgai jarritako produktuen irudiek eta koloreek ez lukete errealitatea zintzo islatuko, Interneteko nabigatzailearen edo erabiltzaileak erabiltzen duen pantailaren ezaugarri espezifikoengatik.<br\/> <\/p>\n\n<p><strong>Salgai dauden produktuen prezioa<\/strong><\/p>\n\n<p>Salgai dauden produktuen prezioak eurotan zehaztuta daude eta dagokien BEZa barne hartzen dute.<\/p>\n\n<p>1. Sagardoaren online salmentari dagokionez, prezio horiei, hala badagokio, dagozkion bidalketa-gastuak gehitu beharko zaizkie. Gastu horiek Erabiltzaileari jakinaraziko zaizkio eskaera formalizatu aurretik, eta erabiltzaileak berariaz onartu beharko ditu erosketa berresten duenean.<\/p>\n\n<p>Bidalketa-gastuak erositako kutxa-kopuruaren eta helmugaren araberakoak izango dira. Prezio horiek gazta\u00f1aga.eus-eko DENDA atalean daude adierazita. Bidalketa-gastuak doakoak dira bosgarren kutxatik aurrera. <\/p>\n\n<p>Sagardotegi Gazta\u00f1agak edozein unetan eguneratu ahal izango ditu prezioak, baina eskaera bakoitzari aplikatu beharreko prezioak erabiltzaileak erositako produktuak erosten dituela baieztatzen duenean indarrean daudenak izango dira.<\/p>\n\n<p>2. Gazta\u00f1aga sagardotegiko online erreserben kasuan, erabiltzaileak aurrerakin bat ordaindu beharko du plaza bat blokeatu ahal izateko. Aurrerakin hori erreserba-egunean deskontatuko zaio sagardotegian bertan.<\/p>\n\n<p>3. Txangoei dagokienez, jarduerak azken prezioa izango du, BEZa barne, eta zuzeneko salmentan, erreserba egiteko unean osorik ordainduta.<\/p>\n\n<p><br\/><strong>Erabiltzaileak produktuen eskaera formalizatzea<\/strong><\/p>\n\n<p>Produktuak erosten amaitu ahal izateko, erabiltzaileak erosketa-prozesuan ezarritako urratsei jarraitu beharko die; horretarako eskatzen zaizkion datuak eman beharko ditu; salmenta-baldintza hauek berariaz onartu beharko ditu erosketa formalizatzeko unean, eskaera berretsiz, eta hura osorik ordaindu beharko du baieztapena egiten den unean bertan.<\/p>\n\n<p>Datu horiek web honetan adierazitako Pribatutasun Politikan adierazitakoaren arabera tratatuko dira.<\/p>\n\n<p>Salerosketa kontratua Gazta\u00f1aga Sagardotegiak formalizatu eta burututzat joko du prezio osoaren ordainketa jasotzen duenean.<\/p>\n\n<p>Gazta\u00f1aga Sagardotegiak aukera izango du eskaerak ez izapidetzeko, baldin eta okerrak edo osatugabeak badira, eskaera egin eta hurrengo 48 orduetan ordainketaren adostasuna jaso ez bada, produktu bat edo gehiago eskuragarri ez badago. Erabiltzaileari e-mailez edo telefonoz jakinaraziko zaio eskaera ez dela izapidetzen eta zergatik ez den izapidetzen.<\/p>\n\n<p>Eskaera osorik formalizatu eta ordaindu ondoren, erabiltzaileak, 24 orduko epean, posta elektronikoz, eskaeraren berrespen bat jasoko du, honako hauek zehaztuta: eskaera-zenbakia, erositako produktuak eta horien prezioak, bidalketa-gastuak, aukeratutako ordainketa-modua, bidalketa-helbidea eta transakzioaren gainerako kontratu-datuak.<\/p>\n\n<p>Erabiltzaileak bere eskaera ezeztatu ahal izango du merkantzia Gazta\u00f1aga sagardotegiko biltegietatik atera baino lehen.<\/p>\n\n<p><strong>Sagardotegiko erreserbak eta jarduera gidatuak bertan behera uztea eta aldatzea<\/strong><\/p>\n\n<ul class=\"wp-block-list\">\n<li><strong>Ezeztapenak:<\/strong><\/li>\n<\/ul>\n\n<p>Erreserbak eta txangoak erreserbatutako eguna baino 24 ordu lehenago (12: 00ak baino lehen) ezeztatzen badira, egindako zenbatekoa itzuliko zaie. 23 ordu baino gutxiago lehenago ezeztatzen diren erreserbei ez zaie itzuliko emandako seinalea edo zenbatekoa.<\/p>\n\n<ul class=\"wp-block-list\">\n<li><strong>Aldaketak:<\/strong><\/li>\n<\/ul>\n\n<p>Sagardotegiko erreserban beharrezko aldaketak eta txangoak egin ahal izango dira, betiere erreserbatutako eguneko 24: 00ak baino lehen egiten badira, sagardotegiaren erabilgarritasuna kontuan hartuta. Kasu horietan:<\/p>\n\n<ul class=\"wp-block-list\">\n<li>Mahaikideen kopurua handitzen bada, dagokion seinalea ordainduko da. Mahaikideen kopurua gutxitzen bada, dagokion seinalea itzuliko zaio.<\/li>\n\n\n\n<li>Erreserbatutako egunaren aurreko 24 orduetan beste aldaketaren bat egin nahi izanez gero, zuzenean egin beharko da erosketa bonutik edo Gazta\u00f1aga Sagardotegiarekin harremanetan jarriz 943 59 19 68 edo info@sidreriagaztanaga.com helbidean.<\/li>\n<\/ul>\n\n<p><strong>Ordaintzeko moduak<\/strong><\/p>\n\n<p>Gazta\u00f1aga Sagardotegiak ordainbide hauek onartzen ditu:<\/p>\n\n<p>Espainian:<\/p>\n\n<ul class=\"wp-block-list\">\n<li>VISA, MASTERCARD kreditu-txartela <\/li>\n\n\n\n<li>Banku-transferentzia<br\/> <\/li>\n<\/ul>\n\n<p><strong>Eskatutako produktuak entregatzea<\/strong><\/p>\n\n<p>Bezeroaren etxera bidaltzea<\/p>\n\n<p>Espainian entregatzeko epea 1 \u2013 3 lanegunekoa da eskaera egiten den egunetik zenbatzen hasita, sustapen- eta opor-aldietan izan ezik (zubiak, jaiegunak, Aste Santua eta Gabonak), horietan epe hori gehienez 10 lanegunera luza baitaiteke eskaeren bolumenagatik eta garraioagatik.<\/p>\n\n<p>Gazta\u00f1aga Sagardotegiak erabiltzaileak eskabidean adierazitako helbidean entregatuko ditu produktuak. Nolanahi ere, salmenta baldintza hauetako 2. klausulan adierazitako lurraldearen barruan egon beharko du.<\/p>\n\n<p>Garraio-enpresak produktua erabiltzailearen esku jartzen duen unetik aurrera egingo da entrega.<\/p>\n\n<p>Paketea banaketara atera eta hurrengo 10 egun baliodunetan ezin izan bada entregatu erabiltzaileari egotz dakizkiokeen arrazoiengatik, paketea Gazta\u00f1aga sagardotegira itzuliko da, eta erabiltzailearen kontura izango dira merkantzia bidaltzearen eta jatorrira itzultzearen gastuak, bai eta horri lotutako kudeaketa-gastu posibleenak ere.<br\/> <\/p>\n\n<p>Dendan jasotzea<\/p>\n\n<p><strong>Bulegoa: <\/strong>Sagardoa Route.<\/p>\n\n<p><strong>Helbidea: <\/strong>Nabarra O\u00f1atz 7, behea. 20115 Astigarraga.<\/p>\n\n<p><strong>Ordutegia:<\/strong> Erosketaren egiaztagiria entregatzeko eskatzen dizuegu.<\/p>\n\n<p><strong>Atzera egiteko eskubidea<\/strong><\/p>\n\n<p>Erabiltzaileak 7 egun naturaleko epea izango du, erositako produktuak jasotzen dituen egunetik zenbatzen hasita, salmenta-kontratuan atzera egiteko, inolako zigorrik gabe eta arrazoiak adierazi gabe. Horrela, Gazta\u00f1aga sagardotegiari atzera egiteko eskubidea erabiltzeko erabakia jakinaraziko dio, info@sidreriagaztanaga.com helbidera gutun\/email bat bidaliz.<\/p>\n\n<p>Itzulketaren itzulketa-gastuak erabiltzailearen kontura izango dira, produktu akastunen edo okerren kasuan izan ezik, horiek Gazta\u00f1aga Sagardotegiaren kontura izango baitira.<\/p>\n\n<p>Atzera egiteko eskubidea egikaritzen zaion produktua onar dadin, behar bezala babestuta egon beharko du jatorrizko bilgarrian, egoera ezin hobean gero saltzeko, eta etiketatuta gorde beharko du. Entrega-albaranaren kopia bat sartu beharko da paketearen barruan, itzulitako produktuak markatzeko.<\/p>\n\n<p>Itzulitako produktuagatik erabiltzailearengandik jasotako ordainketa ororen prezioa, entrega-kostuak barne, produktua ordaintzeko erabilitako ordainketa-bide beraren bidez itzuliko da, bidegabeko atzerapenik gabe, erabiltzaileak atzera egiteko erabakiaren berri izan eta 14 egun naturaleko gehieneko epean.<\/p>\n\n<p>Gazta\u00f1aga sagardotegiak itzulketa atxiki ahal izango du produktuak jaso arte edo erabiltzaileak ondasunak itzultzeko froga aurkeztu arte, lehenengo zein baldintza betetzen den kontuan hartuta, betiere Gazta\u00f1aga sagardotegiak edo produktuak jasotzeko eskaintza egin badu.<\/p>\n\n<p>Itzulketa ezin bada onartu arestian adierazitako baldintzekin bat ez datorrelako, erabiltzaileak ez du eskubiderik izango itzulitako produktuei dagozkien zenbatekoen itzulketa jasotzeko, baina bai bat ez datozen produktuak itzultzeko eta bidalketa-gastuak bere gain hartzeko.<\/p>\n\n<p>Itzulketa guztiak helbide honetara bidali behar dira: Nabarra O\u00f1atz 7, behea. 20115 Astigarraga.<\/p>\n\n<p><strong>Produktuen bermea<\/strong><\/p>\n\n<p>Gazta\u00f1aga sagardotegiak bere webgunean erositako produktuak bermatzen ditu 18 hilabetez.<\/p>\n\n<p>Bermeak ez ditu barne hartzen zabarkeriek, kolpeek, erabilerak edo behar ez bezalako manipulazioek eragindako akatsak.<\/p>\n\n<p>Bermea erabiltzeko, bezeroak zuzenean jarri beharko du harremanetan Gazta\u00f1aga Sagardotegiko Bezeroarentzako Arreta Zerbitzuarekin: 943 59 19 68.<br\/> <\/p>\n\n<p><strong>Zuzenbide aplikagarria eta gatazkak ebaztea<\/strong><\/p>\n\n<p>Hemen azaldutako Salmenta Baldintza Orokorrak Espainiako legediaren mende daude.<\/p>\n\n<p>Salmenta-baldintza orokor horien interpretazioari, betearazpenari edo baliozkotasunari buruzko auzirik egonez gero, kontsumitzailearen bizilekuko auzitegiek izango dute eskumena.<\/p>\n","protected":false},"excerpt":{"rendered":"<p>Lege-oharra WEB honen titularra GAZTA\u00d1AGA SAGARDOTEGIA S.L. da; (Gazta\u00f1aga Sagardotegia); Helbidea: Buruntza auzoa 0, Andoain (Gipuzkoa); IFZ: B20575650. Webgunera sartzeko baldintzak Erabiltzaileak, gune honetara sartze hutsagatik, sarbide horren forma edozein dela ere, baldintza hauek onartzen ditu eta horietara sartzen da. Baldintza horiek ezarriko dute webgune honen erabilera-araubidea. Titularrak edozein unetan aldatu eta aldatzeko eskubidea izango [&hellip;]<\/p>\n","protected":false},"author":2,"featured_media":0,"parent":0,"menu_order":0,"comment_status":"closed","ping_status":"closed","template":"","meta":{"site-sidebar-layout":"default","site-content-layout":"","ast-site-content-layout":"default","site-content-style":"default","site-sidebar-style":"default","ast-global-header-display":"","ast-banner-title-visibility":"","ast-main-header-display":"","ast-hfb-above-header-display":"","ast-hfb-below-header-display":"","ast-hfb-mobile-header-display":"","site-post-title":"","ast-breadcrumbs-content":"","ast-featured-img":"","footer-sml-layout":"","ast-disable-related-posts":"","theme-transparent-header-meta":"","adv-header-id-meta":"","stick-header-meta":"","header-above-stick-meta":"","header-main-stick-meta":"","header-below-stick-meta":"","astra-migrate-meta-layouts":"default","ast-page-background-enabled":"default","ast-page-background-meta":{"desktop":{"background-color":"var(--ast-global-color-4)","background-image":"","background-repeat":"repeat","background-position":"center center","background-size":"auto","background-attachment":"scroll","background-type":"","background-media":"","overlay-type":"","overlay-color":"","overlay-opacity":"","overlay-gradient":""},"tablet":{"background-color":"","background-image":"","background-repeat":"repeat","background-position":"center center","background-size":"auto","background-attachment":"scroll","background-type":"","background-media":"","overlay-type":"","overlay-color":"","overlay-opacity":"","overlay-gradient":""},"mobile":{"background-color":"","background-image":"","background-repeat":"repeat","background-position":"center center","background-size":"auto","background-attachment":"scroll","background-type":"","background-media":"","overlay-type":"","overlay-color":"","overlay-opacity":"","overlay-gradient":""}},"ast-content-background-meta":{"desktop":{"background-color":"var(--ast-global-color-5)","background-image":"","background-repeat":"repeat","background-position":"center center","background-size":"auto","background-attachment":"scroll","background-type":"","background-media":"","overlay-type":"","overlay-color":"","overlay-opacity":"","overlay-gradient":""},"tablet":{"background-color":"var(--ast-global-color-5)","background-image":"","background-repeat":"repeat","background-position":"center center","background-size":"auto","background-attachment":"scroll","background-type":"","background-media":"","overlay-type":"","overlay-color":"","overlay-opacity":"","overlay-gradient":""},"mobile":{"background-color":"var(--ast-global-color-5)","background-image":"","background-repeat":"repeat","background-position":"center center","background-size":"auto","background-attachment":"scroll","background-type":"","background-media":"","overlay-type":"","overlay-color":"","overlay-opacity":"","overlay-gradient":""}},"footnotes":""},"class_list":["post-1249","page","type-page","status-publish","hentry"],"yoast_head":"<!-- This site is optimized with the Yoast SEO plugin v27.5 - https:\/\/yoast.com\/product\/yoast-seo-wordpress\/ -->\n<title>Lege-oharra - Sidrer\u00eda Gazta\u00f1aga<\/title>\n<meta name=\"description\" content=\"Gazta\u00f1aga sagardotegiaren webguneko Lege Oharraren atala.\" \/>\n<meta name=\"robots\" content=\"index, follow, max-snippet:-1, max-image-preview:large, max-video-preview:-1\" \/>\n<link rel=\"canonical\" href=\"https:\/\/www.gaztanaga.eus\/aviso-legal\/\" \/>\n<meta property=\"og:locale\" content=\"eu_ES\" \/>\n<meta property=\"og:type\" content=\"article\" \/>\n<meta property=\"og:title\" content=\"Lege-oharra - Sidrer\u00eda Gazta\u00f1aga\" \/>\n<meta property=\"og:description\" content=\"Gazta\u00f1aga sagardotegiaren webguneko Lege Oharraren atala.\" \/>\n<meta property=\"og:url\" content=\"https:\/\/www.gaztanaga.eus\/aviso-legal\/\" \/>\n<meta property=\"og:site_name\" content=\"Sidrer\u00eda Gazta\u00f1aga\" \/>\n<meta property=\"article:publisher\" content=\"https:\/\/www.facebook.com\/sidreriagaztanaga\/\" \/>\n<meta property=\"article:modified_time\" content=\"2023-07-18T10:53:09+00:00\" \/>\n<meta name=\"twitter:card\" content=\"summary_large_image\" \/>\n<meta name=\"twitter:label1\" content=\"Est. reading time\" \/>\n\t<meta name=\"twitter:data1\" content=\"8 minutes\" \/>\n<script type=\"application\/ld+json\" class=\"yoast-schema-graph\">{\"@context\":\"https:\\\/\\\/schema.org\",\"@graph\":[{\"@type\":\"WebPage\",\"@id\":\"https:\\\/\\\/www.gaztanaga.eus\\\/aviso-legal\\\/\",\"url\":\"https:\\\/\\\/www.gaztanaga.eus\\\/aviso-legal\\\/\",\"name\":\"Lege-oharra - Sidrer\u00eda Gazta\u00f1aga\",\"isPartOf\":{\"@id\":\"https:\\\/\\\/www.gaztanaga.eus\\\/#website\"},\"datePublished\":\"2023-03-27T08:25:13+00:00\",\"dateModified\":\"2023-07-18T10:53:09+00:00\",\"description\":\"Gazta\u00f1aga sagardotegiaren webguneko Lege Oharraren atala.\",\"breadcrumb\":{\"@id\":\"https:\\\/\\\/www.gaztanaga.eus\\\/aviso-legal\\\/#breadcrumb\"},\"inLanguage\":\"eu-ES\",\"potentialAction\":[{\"@type\":\"ReadAction\",\"target\":[\"https:\\\/\\\/www.gaztanaga.eus\\\/aviso-legal\\\/\"]}]},{\"@type\":\"BreadcrumbList\",\"@id\":\"https:\\\/\\\/www.gaztanaga.eus\\\/aviso-legal\\\/#breadcrumb\",\"itemListElement\":[{\"@type\":\"ListItem\",\"position\":1,\"name\":\"Portada\",\"item\":\"https:\\\/\\\/www.gaztanaga.eus\\\/eu\\\/\"},{\"@type\":\"ListItem\",\"position\":2,\"name\":\"Lege-oharra\"}]},{\"@type\":\"WebSite\",\"@id\":\"https:\\\/\\\/www.gaztanaga.eus\\\/#website\",\"url\":\"https:\\\/\\\/www.gaztanaga.eus\\\/\",\"name\":\"Sidrer\u00eda Gazta\u00f1aga\",\"description\":\"P\u00e1gina web de la sidrer\u00eda Gazta\u00f1aga de Andoain.\",\"publisher\":{\"@id\":\"https:\\\/\\\/www.gaztanaga.eus\\\/#organization\"},\"potentialAction\":[{\"@type\":\"SearchAction\",\"target\":{\"@type\":\"EntryPoint\",\"urlTemplate\":\"https:\\\/\\\/www.gaztanaga.eus\\\/?s={search_term_string}\"},\"query-input\":{\"@type\":\"PropertyValueSpecification\",\"valueRequired\":true,\"valueName\":\"search_term_string\"}}],\"inLanguage\":\"eu-ES\"},{\"@type\":\"Organization\",\"@id\":\"https:\\\/\\\/www.gaztanaga.eus\\\/#organization\",\"name\":\"Sidrer\u00eda Gazta\u00f1aga\",\"url\":\"https:\\\/\\\/www.gaztanaga.eus\\\/\",\"logo\":{\"@type\":\"ImageObject\",\"inLanguage\":\"eu-ES\",\"@id\":\"https:\\\/\\\/www.gaztanaga.eus\\\/#\\\/schema\\\/logo\\\/image\\\/\",\"url\":\"https:\\\/\\\/www.gaztanaga.eus\\\/wp-content\\\/uploads\\\/2023\\\/02\\\/cropped-cropped-cropped-gaztanaga-logo-1.png\",\"contentUrl\":\"https:\\\/\\\/www.gaztanaga.eus\\\/wp-content\\\/uploads\\\/2023\\\/02\\\/cropped-cropped-cropped-gaztanaga-logo-1.png\",\"width\":500,\"height\":282,\"caption\":\"Sidrer\u00eda Gazta\u00f1aga\"},\"image\":{\"@id\":\"https:\\\/\\\/www.gaztanaga.eus\\\/#\\\/schema\\\/logo\\\/image\\\/\"},\"sameAs\":[\"https:\\\/\\\/www.facebook.com\\\/sidreriagaztanaga\\\/\",\"https:\\\/\\\/www.youtube.com\\\/channel\\\/UCnqI02qLcAEC5afmElR9VUw\"]}]}<\/script>\n<!-- \/ Yoast SEO plugin. -->","yoast_head_json":{"title":"Lege-oharra - Sidrer\u00eda Gazta\u00f1aga","description":"Gazta\u00f1aga sagardotegiaren webguneko Lege Oharraren atala.","robots":{"index":"index","follow":"follow","max-snippet":"max-snippet:-1","max-image-preview":"max-image-preview:large","max-video-preview":"max-video-preview:-1"},"canonical":"https:\/\/www.gaztanaga.eus\/aviso-legal\/","og_locale":"eu_ES","og_type":"article","og_title":"Lege-oharra - Sidrer\u00eda Gazta\u00f1aga","og_description":"Gazta\u00f1aga sagardotegiaren webguneko Lege Oharraren atala.","og_url":"https:\/\/www.gaztanaga.eus\/aviso-legal\/","og_site_name":"Sidrer\u00eda Gazta\u00f1aga","article_publisher":"https:\/\/www.facebook.com\/sidreriagaztanaga\/","article_modified_time":"2023-07-18T10:53:09+00:00","twitter_card":"summary_large_image","twitter_misc":{"Est. reading time":"8 minutes"},"schema":{"@context":"https:\/\/schema.org","@graph":[{"@type":"WebPage","@id":"https:\/\/www.gaztanaga.eus\/aviso-legal\/","url":"https:\/\/www.gaztanaga.eus\/aviso-legal\/","name":"Lege-oharra - Sidrer\u00eda Gazta\u00f1aga","isPartOf":{"@id":"https:\/\/www.gaztanaga.eus\/#website"},"datePublished":"2023-03-27T08:25:13+00:00","dateModified":"2023-07-18T10:53:09+00:00","description":"Gazta\u00f1aga sagardotegiaren webguneko Lege Oharraren atala.","breadcrumb":{"@id":"https:\/\/www.gaztanaga.eus\/aviso-legal\/#breadcrumb"},"inLanguage":"eu-ES","potentialAction":[{"@type":"ReadAction","target":["https:\/\/www.gaztanaga.eus\/aviso-legal\/"]}]},{"@type":"BreadcrumbList","@id":"https:\/\/www.gaztanaga.eus\/aviso-legal\/#breadcrumb","itemListElement":[{"@type":"ListItem","position":1,"name":"Portada","item":"https:\/\/www.gaztanaga.eus\/eu\/"},{"@type":"ListItem","position":2,"name":"Lege-oharra"}]},{"@type":"WebSite","@id":"https:\/\/www.gaztanaga.eus\/#website","url":"https:\/\/www.gaztanaga.eus\/","name":"Sidrer\u00eda Gazta\u00f1aga","description":"P\u00e1gina web de la sidrer\u00eda Gazta\u00f1aga de Andoain.","publisher":{"@id":"https:\/\/www.gaztanaga.eus\/#organization"},"potentialAction":[{"@type":"SearchAction","target":{"@type":"EntryPoint","urlTemplate":"https:\/\/www.gaztanaga.eus\/?s={search_term_string}"},"query-input":{"@type":"PropertyValueSpecification","valueRequired":true,"valueName":"search_term_string"}}],"inLanguage":"eu-ES"},{"@type":"Organization","@id":"https:\/\/www.gaztanaga.eus\/#organization","name":"Sidrer\u00eda Gazta\u00f1aga","url":"https:\/\/www.gaztanaga.eus\/","logo":{"@type":"ImageObject","inLanguage":"eu-ES","@id":"https:\/\/www.gaztanaga.eus\/#\/schema\/logo\/image\/","url":"https:\/\/www.gaztanaga.eus\/wp-content\/uploads\/2023\/02\/cropped-cropped-cropped-gaztanaga-logo-1.png","contentUrl":"https:\/\/www.gaztanaga.eus\/wp-content\/uploads\/2023\/02\/cropped-cropped-cropped-gaztanaga-logo-1.png","width":500,"height":282,"caption":"Sidrer\u00eda Gazta\u00f1aga"},"image":{"@id":"https:\/\/www.gaztanaga.eus\/#\/schema\/logo\/image\/"},"sameAs":["https:\/\/www.facebook.com\/sidreriagaztanaga\/","https:\/\/www.youtube.com\/channel\/UCnqI02qLcAEC5afmElR9VUw"]}]}},"_links":{"self":[{"href":"https:\/\/www.gaztanaga.eus\/eu\/wp-json\/wp\/v2\/pages\/1249","targetHints":{"allow":["GET"]}}],"collection":[{"href":"https:\/\/www.gaztanaga.eus\/eu\/wp-json\/wp\/v2\/pages"}],"about":[{"href":"https:\/\/www.gaztanaga.eus\/eu\/wp-json\/wp\/v2\/types\/page"}],"author":[{"embeddable":true,"href":"https:\/\/www.gaztanaga.eus\/eu\/wp-json\/wp\/v2\/users\/2"}],"replies":[{"embeddable":true,"href":"https:\/\/www.gaztanaga.eus\/eu\/wp-json\/wp\/v2\/comments?post=1249"}],"version-history":[{"count":4,"href":"https:\/\/www.gaztanaga.eus\/eu\/wp-json\/wp\/v2\/pages\/1249\/revisions"}],"predecessor-version":[{"id":1303,"href":"https:\/\/www.gaztanaga.eus\/eu\/wp-json\/wp\/v2\/pages\/1249\/revisions\/1303"}],"wp:attachment":[{"href":"https:\/\/www.gaztanaga.eus\/eu\/wp-json\/wp\/v2\/media?parent=1249"}],"curies":[{"name":"wp","href":"https:\/\/api.w.org\/{rel}","templated":true}]}}