{"id":1164,"date":"2023-02-23T11:23:14","date_gmt":"2023-02-23T11:23:14","guid":{"rendered":"http:\/\/www.gaztanaga.eus\/reservations\/"},"modified":"2026-02-03T11:26:08","modified_gmt":"2026-02-03T11:26:08","slug":"reservations","status":"publish","type":"page","link":"https:\/\/www.gaztanaga.eus\/fr\/reservations\/","title":{"rendered":"R\u00c9SERVATIONS"},"content":{"rendered":"\n<div class=\"wp-block-columns alignfull are-vertically-aligned-center has-ast-global-color-5-background-color has-background is-layout-flex wp-container-core-columns-is-layout-28f84493 wp-block-columns-is-layout-flex\">\n<div class=\"wp-block-column is-vertically-aligned-center is-layout-flow wp-block-column-is-layout-flow\" style=\"padding-top:var(--wp--preset--spacing--60);padding-right:var(--wp--preset--spacing--60);padding-bottom:var(--wp--preset--spacing--60);padding-left:var(--wp--preset--spacing--60)\">\n<hr class=\"wp-block-separator has-text-color has-ast-global-color-3-color has-alpha-channel-opacity has-ast-global-color-3-background-color has-background is-style-wide\"\/>\n\n\n\n<div style=\"height:5px\" aria-hidden=\"true\" class=\"wp-block-spacer\"><\/div>\n\n\n\n<h1 class=\"wp-block-heading\">R\u00c9SERVATIONS<\/h1>\n\n\n\n<p style=\"text-transform:uppercase\"><strong>R\u00c9SERVER<\/strong> <strong>MENU CIDRERIE ET MENU RESTAURANT par t\u00e9l\u00e9phone:<\/strong><\/p>\n\n\n\n<p class=\"has-ast-global-color-0-color has-text-color\" style=\"font-size:28px;font-style:normal;font-weight:700\"><strong>+34 943 591968<\/strong><\/p>\n\n\n\n<p class=\"has-ast-global-color-8-color has-text-color\" style=\"font-size:15px;font-style:normal;font-weight:800;text-decoration:underline\"><a href=\"http:\/\/www.gazta%C3%B1aga.eus\/menu-carta\/\">VOIR MENU CIDRERIE ET MENU RESTAURANT<\/a><\/p>\n\n\n\n<div style=\"height:1px\" aria-hidden=\"true\" class=\"wp-block-spacer\"><\/div>\n\n\n\n<p style=\"text-transform:uppercase\"><strong>R\u00c9SERVEZ<\/strong> <strong>des exp\u00e9riences VIA le lien correspondant:<\/strong><\/p>\n\n\n\n<div class=\"wp-block-buttons is-layout-flex wp-block-buttons-is-layout-flex\">\n<div class=\"wp-block-button\"><a class=\"wp-block-button__link wp-element-button\" href=\"https:\/\/www.sagardoa.eus\/index.php?fc=module&amp;module=experiencias&amp;controller=experienciareserva&amp;id=1415E50D5C7A8710973DC163335285FC&amp;origen=gazta%C3%B1aga\" target=\"_blank\" rel=\"noreferrer noopener\">D\u00c9GUSTATION GUID\u00c9E + D\u00c9JEUNER<\/a><\/div>\n<\/div>\n\n\n\n<div class=\"wp-block-buttons is-layout-flex wp-block-buttons-is-layout-flex\">\n<div class=\"wp-block-button\"><a class=\"wp-block-button__link wp-element-button\" href=\"https:\/\/www.sagardoa.eus\/index.php?fc=module&amp;module=experiencias&amp;controller=experienciareserva&amp;id=EA2C798626B61D5324ADDB2953887D1B&amp;origen=gazta%C3%B1aga\" target=\"_blank\" rel=\"noreferrer noopener\">VISITE GUID\u00c9E ET D\u00c9JEUNER<\/a><\/div>\n<\/div>\n\n\n\n<div class=\"wp-block-buttons is-layout-flex wp-block-buttons-is-layout-flex\">\n<div class=\"wp-block-button\"><a class=\"wp-block-button__link wp-element-button\" href=\"https:\/\/www.sagardoa.eus\/index.php?fc=module&amp;module=experiencias&amp;controller=experienciareserva&amp;id=569337555D4DEDE6091F2E6FFF89CBA7&amp;origen=gazta%C3%B1aga\" target=\"_blank\" rel=\"noreferrer noopener\">VISITE GUID\u00c9E ET D\u00c9JEUNER + TRANSPORT<\/a><\/div>\n<\/div>\n\n\n\n<p class=\"has-ast-global-color-8-color has-text-color\" style=\"font-size:15px;font-style:normal;font-weight:800;text-decoration:underline\"><a href=\"http:\/\/www.gazta%C3%B1aga.eus\/experiencias\/\">VOIR LES EXP\u00c9RIENCES<\/a><\/p>\n\n\n\n<hr class=\"wp-block-separator has-text-color has-ast-global-color-3-color has-alpha-channel-opacity has-ast-global-color-3-background-color has-background is-style-wide\"\/>\n\n\n\n<div style=\"height:5px\" aria-hidden=\"true\" class=\"wp-block-spacer\"><\/div>\n\n\n\n<h1 class=\"wp-block-heading\">CONTACT<\/h1>\n\n\n\n<p><strong>GAZTA\u00d1AGA SAGARDOTEGIA<\/strong><br\/>Buruntza 0<br\/>20140 Andoain, Gipuzkoa<\/p>\n\n\n\n<p>GPS: 43.224829, -2.018263<\/p>\n\n\n\n<p class=\"has-ast-global-color-2-color has-text-color\" style=\"text-decoration:none\">+34 943 591968<br\/><a href=\"mailto:info@gaztanaga.eus\" target=\"_blank\" rel=\"noreferrer noopener\">info@gaztanaga.eus<\/a><\/p>\n\n\n\n<p class=\"has-ast-global-color-8-color has-text-color\" style=\"font-size:15px;font-style:normal;font-weight:800;text-decoration:underline\"><a href=\"https:\/\/www.google.es\/maps\/dir\/\/Restaurante-Sidrer%C3%ADa+Gazta%C3%B1aga,+Barrio+Buruntza,+0,+20140+Andoain,+Gipuzkoa\/@43.2248237,-2.0204224,17z\/data=!4m9!4m8!1m0!1m5!1m1!1s0xd51b2306e5a81cb:0x666f3a9fb000ab3c!2m2!1d-2.0181165!2d43.2248223!3e0\" target=\"_blank\" rel=\"noreferrer noopener\">COMMENT ARRIVER<\/a><\/p>\n\n\n\n<hr class=\"wp-block-separator has-text-color has-ast-global-color-3-color has-alpha-channel-opacity has-ast-global-color-3-background-color has-background is-style-wide\"\/>\n\n\n\n<div style=\"height:5px\" aria-hidden=\"true\" class=\"wp-block-spacer\"><\/div>\n\n\n\n<h1 class=\"wp-block-heading\">Calendrier<\/h1>\n\n\n\n<p><strong>DE JANVIER \u00c0 D\u00c9CEMBRE<\/strong><br\/>Ferm\u00e9 les lundis et mardis.<br\/>Mercredis, jeudis et vendredis : de 13 h \u00e0 17 h et de 20 h \u00e0 minuit.<br\/>Samedis : de 13 h 30 \u00e0 17 h 30 et de 20 h \u00e0 minuit.<br\/>Dimanches : de 13 h 30 \u00e0 17 h 30.<\/p>\n<\/div>\n\n\n\n<div class=\"wp-block-column is-vertically-aligned-center is-layout-flow wp-block-column-is-layout-flow\"><p><iframe src=\"https:\/\/www.google.com\/maps\/embed?pb=!1m18!1m12!1m3!1d2907.268797784759!2d-2.0204224491324276!3d43.22482367903592!2m3!1f0!2f0!3f0!3m2!1i1024!2i768!4f13.1!3m3!1m2!1s0xd51b2306e5a81cb%3A0x666f3a9fb000ab3c!2sRestaurante-Sidrer%C3%ADa%20Gazta%C3%B1aga!5e0!3m2!1ses!2ses!4v1678344057898!5m2!1ses!2ses\" style=\"border:0;\" allowfullscreen=\"\" loading=\"lazy\" referrerpolicy=\"no-referrer-when-downgrade\" width=\"1200\" height=\"600\"><\/iframe><\/p>\n\n\n\n<figure class=\"wp-block-image size-large\"><img loading=\"lazy\" decoding=\"async\" width=\"1687\" height=\"1265\" src=\"http:\/\/www.gaztanaga.eus\/wp-content\/uploads\/2023\/03\/reservas-sidreria-gaztanaga-edited.jpg\" alt=\"Gazta&#xF1;aga cidrerie\" class=\"wp-image-783\" srcset=\"https:\/\/www.gaztanaga.eus\/wp-content\/uploads\/2023\/03\/reservas-sidreria-gaztanaga-edited.jpg 1687w, https:\/\/www.gaztanaga.eus\/wp-content\/uploads\/2023\/03\/reservas-sidreria-gaztanaga-edited-300x225.jpg 300w, https:\/\/www.gaztanaga.eus\/wp-content\/uploads\/2023\/03\/reservas-sidreria-gaztanaga-edited-1024x768.jpg 1024w, https:\/\/www.gaztanaga.eus\/wp-content\/uploads\/2023\/03\/reservas-sidreria-gaztanaga-edited-768x576.jpg 768w, https:\/\/www.gaztanaga.eus\/wp-content\/uploads\/2023\/03\/reservas-sidreria-gaztanaga-edited-1536x1152.jpg 1536w\" sizes=\"auto, (max-width: 1687px) 100vw, 1687px\" \/><\/figure>\n<\/div>\n<\/div>\n","protected":false},"excerpt":{"rendered":"<p>R\u00c9SERVATIONS R\u00c9SERVER MENU CIDRERIE ET MENU RESTAURANT par t\u00e9l\u00e9phone: +34 943 591968 VOIR MENU CIDRERIE ET MENU RESTAURANT R\u00c9SERVEZ des exp\u00e9riences VIA le lien correspondant: VOIR LES EXP\u00c9RIENCES CONTACT GAZTA\u00d1AGA SAGARDOTEGIABuruntza 020140 Andoain, Gipuzkoa GPS: 43.224829, -2.018263 +34 943 591968info@gaztanaga.eus COMMENT ARRIVER Calendrier DE JANVIER \u00c0 D\u00c9CEMBREFerm\u00e9 les lundis et mardis.Mercredis, jeudis et vendredis : [&hellip;]<\/p>\n","protected":false},"author":2,"featured_media":0,"parent":0,"menu_order":0,"comment_status":"closed","ping_status":"closed","template":"","meta":{"site-sidebar-layout":"default","site-content-layout":"default","ast-site-content-layout":"default","site-content-style":"default","site-sidebar-style":"default","ast-global-header-display":"","ast-banner-title-visibility":"","ast-main-header-display":"","ast-hfb-above-header-display":"","ast-hfb-below-header-display":"","ast-hfb-mobile-header-display":"","site-post-title":"","ast-breadcrumbs-content":"","ast-featured-img":"","footer-sml-layout":"","ast-disable-related-posts":"","theme-transparent-header-meta":"","adv-header-id-meta":"","stick-header-meta":"","header-above-stick-meta":"","header-main-stick-meta":"","header-below-stick-meta":"","astra-migrate-meta-layouts":"set","ast-page-background-enabled":"default","ast-page-background-meta":{"desktop":{"background-color":"var(--ast-global-color-4)","background-image":"","background-repeat":"repeat","background-position":"center center","background-size":"auto","background-attachment":"scroll","background-type":"","background-media":"","overlay-type":"","overlay-color":"","overlay-opacity":"","overlay-gradient":""},"tablet":{"background-color":"","background-image":"","background-repeat":"repeat","background-position":"center center","background-size":"auto","background-attachment":"scroll","background-type":"","background-media":"","overlay-type":"","overlay-color":"","overlay-opacity":"","overlay-gradient":""},"mobile":{"background-color":"","background-image":"","background-repeat":"repeat","background-position":"center center","background-size":"auto","background-attachment":"scroll","background-type":"","background-media":"","overlay-type":"","overlay-color":"","overlay-opacity":"","overlay-gradient":""}},"ast-content-background-meta":{"desktop":{"background-color":"var(--ast-global-color-5)","background-image":"","background-repeat":"repeat","background-position":"center center","background-size":"auto","background-attachment":"scroll","background-type":"","background-media":"","overlay-type":"","overlay-color":"","overlay-opacity":"","overlay-gradient":""},"tablet":{"background-color":"var(--ast-global-color-5)","background-image":"","background-repeat":"repeat","background-position":"center center","background-size":"auto","background-attachment":"scroll","background-type":"","background-media":"","overlay-type":"","overlay-color":"","overlay-opacity":"","overlay-gradient":""},"mobile":{"background-color":"var(--ast-global-color-5)","background-image":"","background-repeat":"repeat","background-position":"center center","background-size":"auto","background-attachment":"scroll","background-type":"","background-media":"","overlay-type":"","overlay-color":"","overlay-opacity":"","overlay-gradient":""}},"footnotes":""},"class_list":["post-1164","page","type-page","status-publish","hentry"],"yoast_head":"<!-- This site is optimized with the Yoast SEO plugin v27.3 - https:\/\/yoast.com\/product\/yoast-seo-wordpress\/ -->\n<title>R\u00c9SERVATIONS - Sidrer\u00eda Gazta\u00f1aga<\/title>\n<meta name=\"description\" content=\"Section r\u00e9servations du site Web de la cidrerie Gazta\u00f1aga.\" \/>\n<meta name=\"robots\" content=\"index, follow, max-snippet:-1, max-image-preview:large, max-video-preview:-1\" \/>\n<link rel=\"canonical\" href=\"https:\/\/www.gaztanaga.eus\/fr\/reservations\/\" \/>\n<meta property=\"og:locale\" content=\"fr_FR\" \/>\n<meta property=\"og:type\" content=\"article\" \/>\n<meta property=\"og:title\" content=\"R\u00c9SERVATIONS - Sidrer\u00eda Gazta\u00f1aga\" \/>\n<meta property=\"og:description\" content=\"Section r\u00e9servations du site Web de la cidrerie Gazta\u00f1aga.\" \/>\n<meta property=\"og:url\" content=\"https:\/\/www.gaztanaga.eus\/fr\/reservations\/\" \/>\n<meta property=\"og:site_name\" content=\"Sidrer\u00eda Gazta\u00f1aga\" \/>\n<meta property=\"article:publisher\" content=\"https:\/\/www.facebook.com\/sidreriagaztanaga\/\" \/>\n<meta property=\"article:modified_time\" content=\"2026-02-03T11:26:08+00:00\" \/>\n<meta property=\"og:image\" content=\"https:\/\/www.gaztanaga.eus\/wp-content\/uploads\/2023\/03\/reservas-sidreria-gaztanaga-edited.jpg\" \/>\n\t<meta property=\"og:image:width\" content=\"1687\" \/>\n\t<meta property=\"og:image:height\" content=\"1265\" \/>\n\t<meta property=\"og:image:type\" content=\"image\/jpeg\" \/>\n<meta name=\"twitter:card\" content=\"summary_large_image\" \/>\n<meta name=\"twitter:label1\" content=\"Dur\u00e9e de lecture estim\u00e9e\" \/>\n\t<meta name=\"twitter:data1\" content=\"1 minute\" \/>\n<script type=\"application\/ld+json\" class=\"yoast-schema-graph\">{\"@context\":\"https:\\\/\\\/schema.org\",\"@graph\":[{\"@type\":\"WebPage\",\"@id\":\"https:\\\/\\\/www.gaztanaga.eus\\\/fr\\\/reservations\\\/\",\"url\":\"https:\\\/\\\/www.gaztanaga.eus\\\/fr\\\/reservations\\\/\",\"name\":\"R\u00c9SERVATIONS - Sidrer\u00eda Gazta\u00f1aga\",\"isPartOf\":{\"@id\":\"https:\\\/\\\/www.gaztanaga.eus\\\/#website\"},\"primaryImageOfPage\":{\"@id\":\"https:\\\/\\\/www.gaztanaga.eus\\\/fr\\\/reservations\\\/#primaryimage\"},\"image\":{\"@id\":\"https:\\\/\\\/www.gaztanaga.eus\\\/fr\\\/reservations\\\/#primaryimage\"},\"thumbnailUrl\":\"http:\\\/\\\/www.gaztanaga.eus\\\/wp-content\\\/uploads\\\/2023\\\/03\\\/reservas-sidreria-gaztanaga-edited.jpg\",\"datePublished\":\"2023-02-23T11:23:14+00:00\",\"dateModified\":\"2026-02-03T11:26:08+00:00\",\"description\":\"Section r\u00e9servations du site Web de la cidrerie Gazta\u00f1aga.\",\"breadcrumb\":{\"@id\":\"https:\\\/\\\/www.gaztanaga.eus\\\/fr\\\/reservations\\\/#breadcrumb\"},\"inLanguage\":\"fr-FR\",\"potentialAction\":[{\"@type\":\"ReadAction\",\"target\":[\"https:\\\/\\\/www.gaztanaga.eus\\\/fr\\\/reservations\\\/\"]}]},{\"@type\":\"ImageObject\",\"inLanguage\":\"fr-FR\",\"@id\":\"https:\\\/\\\/www.gaztanaga.eus\\\/fr\\\/reservations\\\/#primaryimage\",\"url\":\"http:\\\/\\\/www.gaztanaga.eus\\\/wp-content\\\/uploads\\\/2023\\\/03\\\/reservas-sidreria-gaztanaga-edited.jpg\",\"contentUrl\":\"http:\\\/\\\/www.gaztanaga.eus\\\/wp-content\\\/uploads\\\/2023\\\/03\\\/reservas-sidreria-gaztanaga-edited.jpg\"},{\"@type\":\"BreadcrumbList\",\"@id\":\"https:\\\/\\\/www.gaztanaga.eus\\\/fr\\\/reservations\\\/#breadcrumb\",\"itemListElement\":[{\"@type\":\"ListItem\",\"position\":1,\"name\":\"Portada\",\"item\":\"https:\\\/\\\/www.gaztanaga.eus\\\/\"},{\"@type\":\"ListItem\",\"position\":2,\"name\":\"R\u00c9SERVATIONS\"}]},{\"@type\":\"WebSite\",\"@id\":\"https:\\\/\\\/www.gaztanaga.eus\\\/#website\",\"url\":\"https:\\\/\\\/www.gaztanaga.eus\\\/\",\"name\":\"Sidrer\u00eda Gazta\u00f1aga\",\"description\":\"P\u00e1gina web de la sidrer\u00eda Gazta\u00f1aga de Andoain.\",\"publisher\":{\"@id\":\"https:\\\/\\\/www.gaztanaga.eus\\\/#organization\"},\"potentialAction\":[{\"@type\":\"SearchAction\",\"target\":{\"@type\":\"EntryPoint\",\"urlTemplate\":\"https:\\\/\\\/www.gaztanaga.eus\\\/?s={search_term_string}\"},\"query-input\":{\"@type\":\"PropertyValueSpecification\",\"valueRequired\":true,\"valueName\":\"search_term_string\"}}],\"inLanguage\":\"fr-FR\"},{\"@type\":\"Organization\",\"@id\":\"https:\\\/\\\/www.gaztanaga.eus\\\/#organization\",\"name\":\"Sidrer\u00eda Gazta\u00f1aga\",\"url\":\"https:\\\/\\\/www.gaztanaga.eus\\\/\",\"logo\":{\"@type\":\"ImageObject\",\"inLanguage\":\"fr-FR\",\"@id\":\"https:\\\/\\\/www.gaztanaga.eus\\\/#\\\/schema\\\/logo\\\/image\\\/\",\"url\":\"https:\\\/\\\/www.gaztanaga.eus\\\/wp-content\\\/uploads\\\/2023\\\/02\\\/cropped-cropped-cropped-gaztanaga-logo-1.png\",\"contentUrl\":\"https:\\\/\\\/www.gaztanaga.eus\\\/wp-content\\\/uploads\\\/2023\\\/02\\\/cropped-cropped-cropped-gaztanaga-logo-1.png\",\"width\":500,\"height\":282,\"caption\":\"Sidrer\u00eda Gazta\u00f1aga\"},\"image\":{\"@id\":\"https:\\\/\\\/www.gaztanaga.eus\\\/#\\\/schema\\\/logo\\\/image\\\/\"},\"sameAs\":[\"https:\\\/\\\/www.facebook.com\\\/sidreriagaztanaga\\\/\",\"https:\\\/\\\/www.youtube.com\\\/channel\\\/UCnqI02qLcAEC5afmElR9VUw\"]}]}<\/script>\n<!-- \/ Yoast SEO plugin. -->","yoast_head_json":{"title":"R\u00c9SERVATIONS - Sidrer\u00eda Gazta\u00f1aga","description":"Section r\u00e9servations du site Web de la cidrerie Gazta\u00f1aga.","robots":{"index":"index","follow":"follow","max-snippet":"max-snippet:-1","max-image-preview":"max-image-preview:large","max-video-preview":"max-video-preview:-1"},"canonical":"https:\/\/www.gaztanaga.eus\/fr\/reservations\/","og_locale":"fr_FR","og_type":"article","og_title":"R\u00c9SERVATIONS - Sidrer\u00eda Gazta\u00f1aga","og_description":"Section r\u00e9servations du site Web de la cidrerie Gazta\u00f1aga.","og_url":"https:\/\/www.gaztanaga.eus\/fr\/reservations\/","og_site_name":"Sidrer\u00eda Gazta\u00f1aga","article_publisher":"https:\/\/www.facebook.com\/sidreriagaztanaga\/","article_modified_time":"2026-02-03T11:26:08+00:00","og_image":[{"width":1687,"height":1265,"url":"https:\/\/www.gaztanaga.eus\/wp-content\/uploads\/2023\/03\/reservas-sidreria-gaztanaga-edited.jpg","type":"image\/jpeg"}],"twitter_card":"summary_large_image","twitter_misc":{"Dur\u00e9e de lecture estim\u00e9e":"1 minute"},"schema":{"@context":"https:\/\/schema.org","@graph":[{"@type":"WebPage","@id":"https:\/\/www.gaztanaga.eus\/fr\/reservations\/","url":"https:\/\/www.gaztanaga.eus\/fr\/reservations\/","name":"R\u00c9SERVATIONS - Sidrer\u00eda Gazta\u00f1aga","isPartOf":{"@id":"https:\/\/www.gaztanaga.eus\/#website"},"primaryImageOfPage":{"@id":"https:\/\/www.gaztanaga.eus\/fr\/reservations\/#primaryimage"},"image":{"@id":"https:\/\/www.gaztanaga.eus\/fr\/reservations\/#primaryimage"},"thumbnailUrl":"http:\/\/www.gaztanaga.eus\/wp-content\/uploads\/2023\/03\/reservas-sidreria-gaztanaga-edited.jpg","datePublished":"2023-02-23T11:23:14+00:00","dateModified":"2026-02-03T11:26:08+00:00","description":"Section r\u00e9servations du site Web de la cidrerie Gazta\u00f1aga.","breadcrumb":{"@id":"https:\/\/www.gaztanaga.eus\/fr\/reservations\/#breadcrumb"},"inLanguage":"fr-FR","potentialAction":[{"@type":"ReadAction","target":["https:\/\/www.gaztanaga.eus\/fr\/reservations\/"]}]},{"@type":"ImageObject","inLanguage":"fr-FR","@id":"https:\/\/www.gaztanaga.eus\/fr\/reservations\/#primaryimage","url":"http:\/\/www.gaztanaga.eus\/wp-content\/uploads\/2023\/03\/reservas-sidreria-gaztanaga-edited.jpg","contentUrl":"http:\/\/www.gaztanaga.eus\/wp-content\/uploads\/2023\/03\/reservas-sidreria-gaztanaga-edited.jpg"},{"@type":"BreadcrumbList","@id":"https:\/\/www.gaztanaga.eus\/fr\/reservations\/#breadcrumb","itemListElement":[{"@type":"ListItem","position":1,"name":"Portada","item":"https:\/\/www.gaztanaga.eus\/"},{"@type":"ListItem","position":2,"name":"R\u00c9SERVATIONS"}]},{"@type":"WebSite","@id":"https:\/\/www.gaztanaga.eus\/#website","url":"https:\/\/www.gaztanaga.eus\/","name":"Sidrer\u00eda Gazta\u00f1aga","description":"P\u00e1gina web de la sidrer\u00eda Gazta\u00f1aga de Andoain.","publisher":{"@id":"https:\/\/www.gaztanaga.eus\/#organization"},"potentialAction":[{"@type":"SearchAction","target":{"@type":"EntryPoint","urlTemplate":"https:\/\/www.gaztanaga.eus\/?s={search_term_string}"},"query-input":{"@type":"PropertyValueSpecification","valueRequired":true,"valueName":"search_term_string"}}],"inLanguage":"fr-FR"},{"@type":"Organization","@id":"https:\/\/www.gaztanaga.eus\/#organization","name":"Sidrer\u00eda Gazta\u00f1aga","url":"https:\/\/www.gaztanaga.eus\/","logo":{"@type":"ImageObject","inLanguage":"fr-FR","@id":"https:\/\/www.gaztanaga.eus\/#\/schema\/logo\/image\/","url":"https:\/\/www.gaztanaga.eus\/wp-content\/uploads\/2023\/02\/cropped-cropped-cropped-gaztanaga-logo-1.png","contentUrl":"https:\/\/www.gaztanaga.eus\/wp-content\/uploads\/2023\/02\/cropped-cropped-cropped-gaztanaga-logo-1.png","width":500,"height":282,"caption":"Sidrer\u00eda Gazta\u00f1aga"},"image":{"@id":"https:\/\/www.gaztanaga.eus\/#\/schema\/logo\/image\/"},"sameAs":["https:\/\/www.facebook.com\/sidreriagaztanaga\/","https:\/\/www.youtube.com\/channel\/UCnqI02qLcAEC5afmElR9VUw"]}]}},"_links":{"self":[{"href":"https:\/\/www.gaztanaga.eus\/fr\/wp-json\/wp\/v2\/pages\/1164","targetHints":{"allow":["GET"]}}],"collection":[{"href":"https:\/\/www.gaztanaga.eus\/fr\/wp-json\/wp\/v2\/pages"}],"about":[{"href":"https:\/\/www.gaztanaga.eus\/fr\/wp-json\/wp\/v2\/types\/page"}],"author":[{"embeddable":true,"href":"https:\/\/www.gaztanaga.eus\/fr\/wp-json\/wp\/v2\/users\/2"}],"replies":[{"embeddable":true,"href":"https:\/\/www.gaztanaga.eus\/fr\/wp-json\/wp\/v2\/comments?post=1164"}],"version-history":[{"count":7,"href":"https:\/\/www.gaztanaga.eus\/fr\/wp-json\/wp\/v2\/pages\/1164\/revisions"}],"predecessor-version":[{"id":1489,"href":"https:\/\/www.gaztanaga.eus\/fr\/wp-json\/wp\/v2\/pages\/1164\/revisions\/1489"}],"wp:attachment":[{"href":"https:\/\/www.gaztanaga.eus\/fr\/wp-json\/wp\/v2\/media?parent=1164"}],"curies":[{"name":"wp","href":"https:\/\/api.w.org\/{rel}","templated":true}]}}