{"id":1179,"date":"2023-02-23T11:02:00","date_gmt":"2023-02-23T11:02:00","guid":{"rendered":"http:\/\/www.gaztanaga.eus\/experiences\/"},"modified":"2025-12-15T16:19:17","modified_gmt":"2025-12-15T16:19:17","slug":"experiences","status":"publish","type":"page","link":"https:\/\/www.gaztanaga.eus\/fr\/experiences\/","title":{"rendered":"EXP\u00c9RIENCES"},"content":{"rendered":"\n<div class=\"wp-block-columns alignfull has-ast-global-color-2-background-color has-background is-layout-flex wp-container-core-columns-is-layout-28f84493 wp-block-columns-is-layout-flex\">\n<div class=\"wp-block-column is-layout-flow wp-block-column-is-layout-flow\" style=\"flex-basis:50%\">\n<figure class=\"wp-block-image size-large\"><img loading=\"lazy\" decoding=\"async\" width=\"931\" height=\"1241\" src=\"http:\/\/www.gaztanaga.eus\/wp-content\/uploads\/2023\/04\/degustacion-guiada-sidreria-gaztanaga-edited.jpg\" alt=\"D&#xE9;gustation guid&#xE9;e + d&#xE9;jeuner &#xE0; la cidrerie Gazta&#xF1;aga.\" class=\"wp-image-901\" srcset=\"https:\/\/www.gaztanaga.eus\/wp-content\/uploads\/2023\/04\/degustacion-guiada-sidreria-gaztanaga-edited.jpg 931w, https:\/\/www.gaztanaga.eus\/wp-content\/uploads\/2023\/04\/degustacion-guiada-sidreria-gaztanaga-edited-225x300.jpg 225w, https:\/\/www.gaztanaga.eus\/wp-content\/uploads\/2023\/04\/degustacion-guiada-sidreria-gaztanaga-edited-768x1024.jpg 768w\" sizes=\"auto, (max-width: 931px) 100vw, 931px\" \/><\/figure>\n<\/div>\n\n\n\n<div class=\"wp-block-column is-layout-flow wp-block-column-is-layout-flow\" style=\"padding-top:var(--wp--preset--spacing--60);padding-right:var(--wp--preset--spacing--60);padding-bottom:var(--wp--preset--spacing--60);padding-left:var(--wp--preset--spacing--60);flex-basis:50%\">\n<h4 class=\"wp-block-heading\">EXP\u00c9RIENCES<\/h4>\n\n\n\n<h1 class=\"wp-block-heading\" style=\"text-transform:none\">D\u00e9gustation guid\u00e9e + d\u00e9jeuner<\/h1>\n\n\n\n<p class=\"has-ast-global-color-6-color has-text-color\" style=\"font-size:18px;text-transform:uppercase\">ADULTES: 56\u20ac<br\/>ENFANTS (14-17): 49\u20ac<br\/>ENFANTS (4-13): 25\u20ac<\/p>\n\n\n\n<p class=\"has-ast-global-color-6-color has-text-color\">Au cours de la d\u00e9gustation guid\u00e9e, nous d\u00e9gusterons d\u2019excellents cidres d\u2019Appellation d\u2019Origine Euskal Sagardoa fabriqu\u00e9s par Joxe Angel et son fils Axier \u00e0 la fois en bouteille ou en txotx et nous nous prom\u00e8nerons dans des caves charg\u00e9es d\u2019histoire. Pour couronner le tout, nous mangerons un d\u00e9licieux ap\u00e9ritif et un menu traditionnel de cidrerie.<\/p>\n\n\n\n<p class=\"has-ast-global-color-6-color has-text-color\"><strong>Inclus<\/strong> : Visite de 30 min \/ Menu traditionnelle.<\/p>\n\n\n\n<p class=\"has-ast-global-color-6-color has-text-color\"><strong>Languages<\/strong>: Fran\u00e7ais, Basque, Espagnol et Anglais.<\/p>\n\n\n\n<p class=\"has-ast-global-color-6-color has-text-color\"><strong>Punto de encuentro:<\/strong> Sidrer\u00eda Gazta\u00f1aga, Barrio Buruntza, 20140 Andoain, Gipuzkoa.<\/p>\n\n\n\n<div id=\"experiencebooking-app\" class=\"accexperiencebooking-container\" data-id=\"3240\" data-type=\"e\" data-hash=\"8e690b5f73876692494576ad7fe9842af66e5d2ad2809ae42d1db67c3b2299de\" data-api-endpoint=\"https:\/\/www.sagardoa.eus\/fr\/module\/accexperiencebooking\/booking\" data-origin=\"gazta\u00f1aga\" data-lang=\"es\">\n<\/div>\n\n<script src=\"https:\/\/www.sagardoa.eus\/modules\/accexperiencebooking\/views\/js\/widget\/widget.min.js\"><\/script>\n<\/div>\n<\/div>\n\n<div class=\"wp-block-columns alignfull has-ast-global-color-5-background-color has-background is-layout-flex wp-container-core-columns-is-layout-28f84493 wp-block-columns-is-layout-flex\">\n<div class=\"wp-block-column is-layout-flow wp-block-column-is-layout-flow\" style=\"flex-basis:50%\">\n<figure class=\"wp-block-image size-large\"><img loading=\"lazy\" decoding=\"async\" width=\"998\" height=\"1331\" src=\"http:\/\/www.gaztanaga.eus\/wp-content\/uploads\/2023\/03\/gaztanaga-visita-comida-edited-1.jpg\" alt=\"Visite guid&#xE9;e et d&#xE9;jeuner &#xE0; la cidrerie Gazta&#xF1;aga.\" class=\"wp-image-378\" srcset=\"https:\/\/www.gaztanaga.eus\/wp-content\/uploads\/2023\/03\/gaztanaga-visita-comida-edited-1.jpg 998w, https:\/\/www.gaztanaga.eus\/wp-content\/uploads\/2023\/03\/gaztanaga-visita-comida-edited-1-225x300.jpg 225w, https:\/\/www.gaztanaga.eus\/wp-content\/uploads\/2023\/03\/gaztanaga-visita-comida-edited-1-768x1024.jpg 768w\" sizes=\"auto, (max-width: 998px) 100vw, 998px\" \/><\/figure>\n<\/div>\n\n\n\n<div class=\"wp-block-column is-layout-flow wp-block-column-is-layout-flow\" style=\"padding-top:var(--wp--preset--spacing--60);padding-right:var(--wp--preset--spacing--60);padding-bottom:var(--wp--preset--spacing--60);padding-left:var(--wp--preset--spacing--60);flex-basis:50%\">\n<h4 class=\"wp-block-heading\">EXP\u00c9RIENCES<\/h4>\n\n\n\n<h1 class=\"wp-block-heading\" style=\"text-transform:none\">Visite guid\u00e9e et d\u00e9jeuner<\/h1>\n\n\n\n<p style=\"font-size:18px;text-transform:uppercase\">Adultes: 64\u20ac<br\/>ENFANTS (14-17): 57\u20ac<br\/>ENFANTS (4-13): 25\u20ac<\/p>\n\n\n\n<p>La visite d\u00e9butera devant la ferme, apr\u00e8s une petite introduction sur les familles et l\u2019histoire de la ferme ; nous visiterons le verger de pommiers, la zone d\u2019\u00e9laboration et la cave. Au cours de la visite, nous d\u00e9gusterons diff\u00e9rents cidres \u00e0 la fois de la bouteille et directement des f\u00fbts. Nous terminerons dans la salle \u00e0 manger principale avec un grand pintxo maison et le menu traditionnel de la cidrerie : un <em>pintxo<\/em> de chorizo, omelette de cabillaud, morue po\u00eal\u00e9e aux poivrons et c\u00f4te de boeuf ; comme dessert, nous aurons du fromage Idiazabal et des tejas et cigarrillos de Tolosa.<\/p>\n\n\n\n<p><strong>Inclus<\/strong>: Visite de 1h \/ D\u00e9gustation avec un ap\u00e9ritif \/ Menu traditionnelle.<\/p>\n\n\n\n<p><strong>Languages<\/strong>: Fran\u00e7ais, Basque, Espagnol et Anglais.<\/p>\n\n\n\n<p><strong>Punto de encuentro:<\/strong> Sidrer\u00eda Gazta\u00f1aga, Barrio Buruntza, 20140 Andoain, Gipuzkoa.<\/p>\n\n\n\n<div id=\"experiencebooking-app\" class=\"accexperiencebooking-container\" data-id=\"3241\" data-type=\"e\" data-hash=\"b3b130b344c28e52c7bd5347314547502cb39fec8ea539a78087539c236c6501\" data-api-endpoint=\"https:\/\/www.sagardoa.eus\/fr\/module\/accexperiencebooking\/booking\" data-origin=\"gazta\u00f1aga\" data-lang=\"es\">\n<\/div>\n\n<script src=\"https:\/\/www.sagardoa.eus\/modules\/accexperiencebooking\/views\/js\/widget\/widget.min.js\"><\/script>\n<\/div>\n<\/div>\n\n<div class=\"wp-block-columns alignfull has-ast-global-color-2-background-color has-background is-layout-flex wp-container-core-columns-is-layout-28f84493 wp-block-columns-is-layout-flex\">\n<div class=\"wp-block-column is-layout-flow wp-block-column-is-layout-flow\">\n<figure class=\"wp-block-image\"><img loading=\"lazy\" decoding=\"async\" width=\"998\" height=\"1331\" src=\"http:\/\/www.gaztanaga.eus\/wp-content\/uploads\/2023\/03\/gaztanaga-visita-transporte-comida-edited.jpg\" alt=\"Visite guid&#xE9;e et d&#xE9;jeuner + transport &#xE0; la cidrerie Gazta&#xF1;aga.\" class=\"wp-image-387\" srcset=\"https:\/\/www.gaztanaga.eus\/wp-content\/uploads\/2023\/03\/gaztanaga-visita-transporte-comida-edited.jpg 998w, https:\/\/www.gaztanaga.eus\/wp-content\/uploads\/2023\/03\/gaztanaga-visita-transporte-comida-edited-225x300.jpg 225w, https:\/\/www.gaztanaga.eus\/wp-content\/uploads\/2023\/03\/gaztanaga-visita-transporte-comida-edited-768x1024.jpg 768w\" sizes=\"auto, (max-width: 998px) 100vw, 998px\" \/><\/figure>\n<\/div>\n\n\n\n<div class=\"wp-block-column is-layout-flow wp-block-column-is-layout-flow\" style=\"padding-top:var(--wp--preset--spacing--60);padding-right:var(--wp--preset--spacing--60);padding-bottom:var(--wp--preset--spacing--60);padding-left:var(--wp--preset--spacing--60);flex-basis:50%\">\n<h4 class=\"wp-block-heading\">EXP\u00c9RIENCES<\/h4>\n\n\n\n<h1 class=\"wp-block-heading\" style=\"text-transform:none\">Visite guid\u00e9e et d\u00e9jeuner + transport<\/h1>\n\n\n\n<p class=\"has-ast-global-color-6-color has-text-color\" style=\"font-size:18px;text-transform:uppercase\">Adultes: 83\u20ac <br\/>ENFANTS (14-17): 73\u20ac<br\/>ENFANTS (4-13): 55\u20ac<br\/>ENFANTS (0-3): 10\u20ac<\/p>\n\n\n\n<p class=\"has-ast-global-color-6-color has-text-color\">La visite commencera au point de rendez-vous \u00e0 San Sebasti\u00e1n et nous irons ensemble \u00e0 la cidrerie. Une fois sur place, tout pr\u00e8s de la maison, dans son verger de pommiers, commencera l\u00e0 la visite du bloc lui-m\u00eame, qui nous conduira dans les pi\u00e8ces et les caves de la maison. Au cours de la visite, nous d\u00e9gusterons diff\u00e9rents cidres \u00e0 la fois de la bouteille et directement des f\u00fbts. Nous terminerons dans la salle \u00e0 manger principale avec un grand <em>pintxo<\/em> maison et le menu traditionnel de la cidrerie.<\/p>\n\n\n\n<p class=\"has-ast-global-color-6-color has-text-color\"><strong>Inclus<\/strong>: Service de transport et guide \/ Visite guid\u00e9e avec d\u00e9gustation et ap\u00e9ritif \/ Menu traditionnelle.<\/p>\n\n\n\n<p class=\"has-ast-global-color-6-color has-text-color\"><strong>Languages<\/strong>: Fran\u00e7ais, Basque, Espagnol et Anglais.<\/p>\n\n\n\n<p class=\"has-ast-global-color-6-color has-text-color\"><strong>Point de rencontre: <\/strong>Calle Bengoetxea 2, Donostia.<\/p>\n\n\n\n<div id=\"experiencebooking-app\" class=\"accexperiencebooking-container\" data-id=\"3242\" data-type=\"e\" data-hash=\"c7d86cb26af8d4344b7d1fc85fe37600940312901528d0977702f129cddf49ff\" data-api-endpoint=\"https:\/\/www.sagardoa.eus\/fr\/module\/accexperiencebooking\/booking\" data-origin=\"gazta\u00f1aga\" data-lang=\"es\">\n<\/div>\n\n<script src=\"https:\/\/www.sagardoa.eus\/modules\/accexperiencebooking\/views\/js\/widget\/widget.min.js\"><\/script>\n<\/div>\n<\/div>\n","protected":false},"excerpt":{"rendered":"<p>EXP\u00c9RIENCES D\u00e9gustation guid\u00e9e + d\u00e9jeuner ADULTES: 56\u20acENFANTS (14-17): 49\u20acENFANTS (4-13): 25\u20ac Au cours de la d\u00e9gustation guid\u00e9e, nous d\u00e9gusterons d\u2019excellents cidres d\u2019Appellation d\u2019Origine Euskal Sagardoa fabriqu\u00e9s par Joxe Angel et son fils Axier \u00e0 la fois en bouteille ou en txotx et nous nous prom\u00e8nerons dans des caves charg\u00e9es d\u2019histoire. Pour couronner le tout, nous [&hellip;]<\/p>\n","protected":false},"author":2,"featured_media":0,"parent":0,"menu_order":0,"comment_status":"closed","ping_status":"closed","template":"","meta":{"site-sidebar-layout":"default","site-content-layout":"","ast-site-content-layout":"default","site-content-style":"default","site-sidebar-style":"default","ast-global-header-display":"","ast-banner-title-visibility":"","ast-main-header-display":"","ast-hfb-above-header-display":"","ast-hfb-below-header-display":"","ast-hfb-mobile-header-display":"","site-post-title":"","ast-breadcrumbs-content":"","ast-featured-img":"","footer-sml-layout":"","ast-disable-related-posts":"","theme-transparent-header-meta":"","adv-header-id-meta":"","stick-header-meta":"","header-above-stick-meta":"","header-main-stick-meta":"","header-below-stick-meta":"","astra-migrate-meta-layouts":"set","ast-page-background-enabled":"default","ast-page-background-meta":{"desktop":{"background-color":"var(--ast-global-color-4)","background-image":"","background-repeat":"repeat","background-position":"center center","background-size":"auto","background-attachment":"scroll","background-type":"","background-media":"","overlay-type":"","overlay-color":"","overlay-opacity":"","overlay-gradient":""},"tablet":{"background-color":"","background-image":"","background-repeat":"repeat","background-position":"center center","background-size":"auto","background-attachment":"scroll","background-type":"","background-media":"","overlay-type":"","overlay-color":"","overlay-opacity":"","overlay-gradient":""},"mobile":{"background-color":"","background-image":"","background-repeat":"repeat","background-position":"center center","background-size":"auto","background-attachment":"scroll","background-type":"","background-media":"","overlay-type":"","overlay-color":"","overlay-opacity":"","overlay-gradient":""}},"ast-content-background-meta":{"desktop":{"background-color":"var(--ast-global-color-5)","background-image":"","background-repeat":"repeat","background-position":"center center","background-size":"auto","background-attachment":"scroll","background-type":"","background-media":"","overlay-type":"","overlay-color":"","overlay-opacity":"","overlay-gradient":""},"tablet":{"background-color":"var(--ast-global-color-5)","background-image":"","background-repeat":"repeat","background-position":"center center","background-size":"auto","background-attachment":"scroll","background-type":"","background-media":"","overlay-type":"","overlay-color":"","overlay-opacity":"","overlay-gradient":""},"mobile":{"background-color":"var(--ast-global-color-5)","background-image":"","background-repeat":"repeat","background-position":"center center","background-size":"auto","background-attachment":"scroll","background-type":"","background-media":"","overlay-type":"","overlay-color":"","overlay-opacity":"","overlay-gradient":""}},"footnotes":""},"class_list":["post-1179","page","type-page","status-publish","hentry"],"yoast_head":"<!-- This site is optimized with the Yoast SEO plugin v27.5 - https:\/\/yoast.com\/product\/yoast-seo-wordpress\/ -->\n<title>EXP\u00c9RIENCES - Sidrer\u00eda Gazta\u00f1aga<\/title>\n<meta name=\"description\" content=\"La cidrerie Gazta\u00f1aga propose diverses exp\u00e9riences : d\u00e9gustation comment\u00e9e, d\u00e9jeuner comment\u00e9 et transport.\" \/>\n<meta name=\"robots\" content=\"index, follow, max-snippet:-1, max-image-preview:large, max-video-preview:-1\" \/>\n<link rel=\"canonical\" href=\"https:\/\/www.gaztanaga.eus\/fr\/experiences\/\" \/>\n<meta property=\"og:locale\" content=\"fr_FR\" \/>\n<meta property=\"og:type\" content=\"article\" \/>\n<meta property=\"og:title\" content=\"EXP\u00c9RIENCES - Sidrer\u00eda Gazta\u00f1aga\" \/>\n<meta property=\"og:description\" content=\"La cidrerie Gazta\u00f1aga propose diverses exp\u00e9riences : d\u00e9gustation comment\u00e9e, d\u00e9jeuner comment\u00e9 et transport.\" \/>\n<meta property=\"og:url\" content=\"https:\/\/www.gaztanaga.eus\/fr\/experiences\/\" \/>\n<meta property=\"og:site_name\" content=\"Sidrer\u00eda Gazta\u00f1aga\" \/>\n<meta property=\"article:publisher\" content=\"https:\/\/www.facebook.com\/sidreriagaztanaga\/\" \/>\n<meta property=\"article:modified_time\" content=\"2025-12-15T16:19:17+00:00\" \/>\n<meta property=\"og:image\" content=\"https:\/\/www.gaztanaga.eus\/wp-content\/uploads\/2023\/04\/degustacion-guiada-sidreria-gaztanaga-edited.jpg\" \/>\n\t<meta property=\"og:image:width\" content=\"931\" \/>\n\t<meta property=\"og:image:height\" content=\"1241\" \/>\n\t<meta property=\"og:image:type\" content=\"image\/jpeg\" \/>\n<meta name=\"twitter:card\" content=\"summary_large_image\" \/>\n<meta name=\"twitter:label1\" content=\"Dur\u00e9e de lecture estim\u00e9e\" \/>\n\t<meta name=\"twitter:data1\" content=\"3 minutes\" \/>\n<script type=\"application\/ld+json\" class=\"yoast-schema-graph\">{\"@context\":\"https:\\\/\\\/schema.org\",\"@graph\":[{\"@type\":\"WebPage\",\"@id\":\"https:\\\/\\\/www.gaztanaga.eus\\\/fr\\\/experiences\\\/\",\"url\":\"https:\\\/\\\/www.gaztanaga.eus\\\/fr\\\/experiences\\\/\",\"name\":\"EXP\u00c9RIENCES - Sidrer\u00eda Gazta\u00f1aga\",\"isPartOf\":{\"@id\":\"https:\\\/\\\/www.gaztanaga.eus\\\/#website\"},\"primaryImageOfPage\":{\"@id\":\"https:\\\/\\\/www.gaztanaga.eus\\\/fr\\\/experiences\\\/#primaryimage\"},\"image\":{\"@id\":\"https:\\\/\\\/www.gaztanaga.eus\\\/fr\\\/experiences\\\/#primaryimage\"},\"thumbnailUrl\":\"http:\\\/\\\/www.gaztanaga.eus\\\/wp-content\\\/uploads\\\/2023\\\/04\\\/degustacion-guiada-sidreria-gaztanaga-edited.jpg\",\"datePublished\":\"2023-02-23T11:02:00+00:00\",\"dateModified\":\"2025-12-15T16:19:17+00:00\",\"description\":\"La cidrerie Gazta\u00f1aga propose diverses exp\u00e9riences : d\u00e9gustation comment\u00e9e, d\u00e9jeuner comment\u00e9 et transport.\",\"breadcrumb\":{\"@id\":\"https:\\\/\\\/www.gaztanaga.eus\\\/fr\\\/experiences\\\/#breadcrumb\"},\"inLanguage\":\"fr-FR\",\"potentialAction\":[{\"@type\":\"ReadAction\",\"target\":[\"https:\\\/\\\/www.gaztanaga.eus\\\/fr\\\/experiences\\\/\"]}]},{\"@type\":\"ImageObject\",\"inLanguage\":\"fr-FR\",\"@id\":\"https:\\\/\\\/www.gaztanaga.eus\\\/fr\\\/experiences\\\/#primaryimage\",\"url\":\"http:\\\/\\\/www.gaztanaga.eus\\\/wp-content\\\/uploads\\\/2023\\\/04\\\/degustacion-guiada-sidreria-gaztanaga-edited.jpg\",\"contentUrl\":\"http:\\\/\\\/www.gaztanaga.eus\\\/wp-content\\\/uploads\\\/2023\\\/04\\\/degustacion-guiada-sidreria-gaztanaga-edited.jpg\"},{\"@type\":\"BreadcrumbList\",\"@id\":\"https:\\\/\\\/www.gaztanaga.eus\\\/fr\\\/experiences\\\/#breadcrumb\",\"itemListElement\":[{\"@type\":\"ListItem\",\"position\":1,\"name\":\"Portada\",\"item\":\"https:\\\/\\\/www.gaztanaga.eus\\\/\"},{\"@type\":\"ListItem\",\"position\":2,\"name\":\"EXP\u00c9RIENCES\"}]},{\"@type\":\"WebSite\",\"@id\":\"https:\\\/\\\/www.gaztanaga.eus\\\/#website\",\"url\":\"https:\\\/\\\/www.gaztanaga.eus\\\/\",\"name\":\"Sidrer\u00eda Gazta\u00f1aga\",\"description\":\"P\u00e1gina web de la sidrer\u00eda Gazta\u00f1aga de Andoain.\",\"publisher\":{\"@id\":\"https:\\\/\\\/www.gaztanaga.eus\\\/#organization\"},\"potentialAction\":[{\"@type\":\"SearchAction\",\"target\":{\"@type\":\"EntryPoint\",\"urlTemplate\":\"https:\\\/\\\/www.gaztanaga.eus\\\/?s={search_term_string}\"},\"query-input\":{\"@type\":\"PropertyValueSpecification\",\"valueRequired\":true,\"valueName\":\"search_term_string\"}}],\"inLanguage\":\"fr-FR\"},{\"@type\":\"Organization\",\"@id\":\"https:\\\/\\\/www.gaztanaga.eus\\\/#organization\",\"name\":\"Sidrer\u00eda Gazta\u00f1aga\",\"url\":\"https:\\\/\\\/www.gaztanaga.eus\\\/\",\"logo\":{\"@type\":\"ImageObject\",\"inLanguage\":\"fr-FR\",\"@id\":\"https:\\\/\\\/www.gaztanaga.eus\\\/#\\\/schema\\\/logo\\\/image\\\/\",\"url\":\"https:\\\/\\\/www.gaztanaga.eus\\\/wp-content\\\/uploads\\\/2023\\\/02\\\/cropped-cropped-cropped-gaztanaga-logo-1.png\",\"contentUrl\":\"https:\\\/\\\/www.gaztanaga.eus\\\/wp-content\\\/uploads\\\/2023\\\/02\\\/cropped-cropped-cropped-gaztanaga-logo-1.png\",\"width\":500,\"height\":282,\"caption\":\"Sidrer\u00eda Gazta\u00f1aga\"},\"image\":{\"@id\":\"https:\\\/\\\/www.gaztanaga.eus\\\/#\\\/schema\\\/logo\\\/image\\\/\"},\"sameAs\":[\"https:\\\/\\\/www.facebook.com\\\/sidreriagaztanaga\\\/\",\"https:\\\/\\\/www.youtube.com\\\/channel\\\/UCnqI02qLcAEC5afmElR9VUw\"]}]}<\/script>\n<!-- \/ Yoast SEO plugin. -->","yoast_head_json":{"title":"EXP\u00c9RIENCES - Sidrer\u00eda Gazta\u00f1aga","description":"La cidrerie Gazta\u00f1aga propose diverses exp\u00e9riences : d\u00e9gustation comment\u00e9e, d\u00e9jeuner comment\u00e9 et transport.","robots":{"index":"index","follow":"follow","max-snippet":"max-snippet:-1","max-image-preview":"max-image-preview:large","max-video-preview":"max-video-preview:-1"},"canonical":"https:\/\/www.gaztanaga.eus\/fr\/experiences\/","og_locale":"fr_FR","og_type":"article","og_title":"EXP\u00c9RIENCES - Sidrer\u00eda Gazta\u00f1aga","og_description":"La cidrerie Gazta\u00f1aga propose diverses exp\u00e9riences : d\u00e9gustation comment\u00e9e, d\u00e9jeuner comment\u00e9 et transport.","og_url":"https:\/\/www.gaztanaga.eus\/fr\/experiences\/","og_site_name":"Sidrer\u00eda Gazta\u00f1aga","article_publisher":"https:\/\/www.facebook.com\/sidreriagaztanaga\/","article_modified_time":"2025-12-15T16:19:17+00:00","og_image":[{"width":931,"height":1241,"url":"https:\/\/www.gaztanaga.eus\/wp-content\/uploads\/2023\/04\/degustacion-guiada-sidreria-gaztanaga-edited.jpg","type":"image\/jpeg"}],"twitter_card":"summary_large_image","twitter_misc":{"Dur\u00e9e de lecture estim\u00e9e":"3 minutes"},"schema":{"@context":"https:\/\/schema.org","@graph":[{"@type":"WebPage","@id":"https:\/\/www.gaztanaga.eus\/fr\/experiences\/","url":"https:\/\/www.gaztanaga.eus\/fr\/experiences\/","name":"EXP\u00c9RIENCES - Sidrer\u00eda Gazta\u00f1aga","isPartOf":{"@id":"https:\/\/www.gaztanaga.eus\/#website"},"primaryImageOfPage":{"@id":"https:\/\/www.gaztanaga.eus\/fr\/experiences\/#primaryimage"},"image":{"@id":"https:\/\/www.gaztanaga.eus\/fr\/experiences\/#primaryimage"},"thumbnailUrl":"http:\/\/www.gaztanaga.eus\/wp-content\/uploads\/2023\/04\/degustacion-guiada-sidreria-gaztanaga-edited.jpg","datePublished":"2023-02-23T11:02:00+00:00","dateModified":"2025-12-15T16:19:17+00:00","description":"La cidrerie Gazta\u00f1aga propose diverses exp\u00e9riences : d\u00e9gustation comment\u00e9e, d\u00e9jeuner comment\u00e9 et transport.","breadcrumb":{"@id":"https:\/\/www.gaztanaga.eus\/fr\/experiences\/#breadcrumb"},"inLanguage":"fr-FR","potentialAction":[{"@type":"ReadAction","target":["https:\/\/www.gaztanaga.eus\/fr\/experiences\/"]}]},{"@type":"ImageObject","inLanguage":"fr-FR","@id":"https:\/\/www.gaztanaga.eus\/fr\/experiences\/#primaryimage","url":"http:\/\/www.gaztanaga.eus\/wp-content\/uploads\/2023\/04\/degustacion-guiada-sidreria-gaztanaga-edited.jpg","contentUrl":"http:\/\/www.gaztanaga.eus\/wp-content\/uploads\/2023\/04\/degustacion-guiada-sidreria-gaztanaga-edited.jpg"},{"@type":"BreadcrumbList","@id":"https:\/\/www.gaztanaga.eus\/fr\/experiences\/#breadcrumb","itemListElement":[{"@type":"ListItem","position":1,"name":"Portada","item":"https:\/\/www.gaztanaga.eus\/"},{"@type":"ListItem","position":2,"name":"EXP\u00c9RIENCES"}]},{"@type":"WebSite","@id":"https:\/\/www.gaztanaga.eus\/#website","url":"https:\/\/www.gaztanaga.eus\/","name":"Sidrer\u00eda Gazta\u00f1aga","description":"P\u00e1gina web de la sidrer\u00eda Gazta\u00f1aga de Andoain.","publisher":{"@id":"https:\/\/www.gaztanaga.eus\/#organization"},"potentialAction":[{"@type":"SearchAction","target":{"@type":"EntryPoint","urlTemplate":"https:\/\/www.gaztanaga.eus\/?s={search_term_string}"},"query-input":{"@type":"PropertyValueSpecification","valueRequired":true,"valueName":"search_term_string"}}],"inLanguage":"fr-FR"},{"@type":"Organization","@id":"https:\/\/www.gaztanaga.eus\/#organization","name":"Sidrer\u00eda Gazta\u00f1aga","url":"https:\/\/www.gaztanaga.eus\/","logo":{"@type":"ImageObject","inLanguage":"fr-FR","@id":"https:\/\/www.gaztanaga.eus\/#\/schema\/logo\/image\/","url":"https:\/\/www.gaztanaga.eus\/wp-content\/uploads\/2023\/02\/cropped-cropped-cropped-gaztanaga-logo-1.png","contentUrl":"https:\/\/www.gaztanaga.eus\/wp-content\/uploads\/2023\/02\/cropped-cropped-cropped-gaztanaga-logo-1.png","width":500,"height":282,"caption":"Sidrer\u00eda Gazta\u00f1aga"},"image":{"@id":"https:\/\/www.gaztanaga.eus\/#\/schema\/logo\/image\/"},"sameAs":["https:\/\/www.facebook.com\/sidreriagaztanaga\/","https:\/\/www.youtube.com\/channel\/UCnqI02qLcAEC5afmElR9VUw"]}]}},"_links":{"self":[{"href":"https:\/\/www.gaztanaga.eus\/fr\/wp-json\/wp\/v2\/pages\/1179","targetHints":{"allow":["GET"]}}],"collection":[{"href":"https:\/\/www.gaztanaga.eus\/fr\/wp-json\/wp\/v2\/pages"}],"about":[{"href":"https:\/\/www.gaztanaga.eus\/fr\/wp-json\/wp\/v2\/types\/page"}],"author":[{"embeddable":true,"href":"https:\/\/www.gaztanaga.eus\/fr\/wp-json\/wp\/v2\/users\/2"}],"replies":[{"embeddable":true,"href":"https:\/\/www.gaztanaga.eus\/fr\/wp-json\/wp\/v2\/comments?post=1179"}],"version-history":[{"count":11,"href":"https:\/\/www.gaztanaga.eus\/fr\/wp-json\/wp\/v2\/pages\/1179\/revisions"}],"predecessor-version":[{"id":1480,"href":"https:\/\/www.gaztanaga.eus\/fr\/wp-json\/wp\/v2\/pages\/1179\/revisions\/1480"}],"wp:attachment":[{"href":"https:\/\/www.gaztanaga.eus\/fr\/wp-json\/wp\/v2\/media?parent=1179"}],"curies":[{"name":"wp","href":"https:\/\/api.w.org\/{rel}","templated":true}]}}